{"id":142,"date":"2020-01-11T00:37:44","date_gmt":"2020-01-11T06:37:44","guid":{"rendered":"https:\/\/arcodisc.com.mx\/home\/?page_id=142"},"modified":"2020-01-22T15:18:01","modified_gmt":"2020-01-22T21:18:01","slug":"quienes-somos","status":"publish","type":"page","link":"https:\/\/arcodisc.com.mx\/?page_id=142","title":{"rendered":"\u00bfQui\u00e9nes somos?"},"content":{"rendered":"<div class=\"wpb-content-wrapper\"><p>[vc_row gap=&#8221;35&#8243; content_placement=&#8221;middle&#8221; css=&#8221;.vc_custom_1578725741069{padding-top: 50px !important;padding-bottom: 50px !important;background-image: url(https:\/\/www.arcodisc.com.mx\/wp-content\/uploads\/2020\/01\/somos-header-back.jpg?id=145) !important;background-position: center !important;background-repeat: no-repeat !important;background-size: cover !important;}&#8221;]<a class=\"cumpla\" href=\"https:\/\/www.arcodisc.com.mx\/home\/contacto\"><img decoding=\"async\" src=\"https:\/\/www.arcodisc.com.mx\/wp-content\/uploads\/2020\/01\/cumpla_ya.png\"><\/a>[vc_column width=&#8221;1\/6&#8243;][\/vc_column][vc_column width=&#8221;2\/3&#8243;][vc_custom_heading text=&#8221;\u00bfQui\u00e9nes somos en ARCO GRP?&#8221; font_container=&#8221;tag:h1|text_align:center|color:%23ffffff&#8221; use_theme_fonts=&#8221;yes&#8221;][vc_separator color=&#8221;white&#8221;][vc_single_image image=&#8221;146&#8243; img_size=&#8221;full&#8221; alignment=&#8221;center&#8221;][vc_empty_space height=&#8221;25px&#8221;][vc_column_text]<\/p>\n<p style=\"text-align: center; color: #fff;\">F\u00e1brica de Software con certificaciones internacionales y las alianzas m\u00e1s importantes a nivel mundial, DISC, Dise\u00f1o e Integraci\u00f3n de Sistemas Computacionales S. de R.L. de C.V. es una empresa 100% mexicana satisfaciendo las necesidades del mercado que requieran cubrir cada aspecto de Seguridad, Confidencialidad, Funcionalidad y Calidad integrando toda Evoluci\u00f3n Tecnol\u00f3gica que se libera. La empresa surgi\u00f3 para satisfacer las necesidades del mercado que no se encuentran disponibles, debido a que en el pa\u00eds no existen proveedores que ofrezcan software a la medida, formales, altamente capacitados, puntuales en todos los sentidos, que dominen las \u00faltimas tecnolog\u00edas, los mejores convenios con fabricantes de hardware y proveedores de servicios y que tenga alcance en los 32 estados de la Rep\u00fablica Mexicana. DISC fabrica soluciones de software que puedan ser consultadas desde cualquier ubicaci\u00f3n, computadora o dispositivo que cuente con un navegador web, Cloud Computing, por lo que nuestros clientes no tienen la necesidad de hacer inversiones adicionales en equipo de hardware esto nos permite ofrecer distintos modelos comerciales de adquisici\u00f3n. Contamos con un equipo de Dise\u00f1o y de Desarrollo consciente de que nuestros clientes no tienen personal capacitado, esto nos motiv\u00f3 a crear soluciones que tengan un uso intuitivo adapt\u00e1ndonos a las necesidades del cliente.<\/p>\n<p>[\/vc_column_text][\/vc_column][vc_column width=&#8221;1\/6&#8243;][\/vc_column][\/vc_row][vc_row css=&#8221;.vc_custom_1578725751855{padding-top: 60px !important;background-color: #f2f5f7 !important;}&#8221;][vc_column width=&#8221;1\/2&#8243;][vc_column_text]Contamos con una F\u00c1BRICA DE SOFTWARE para <strong>desarrollar soluciones llave en mano<\/strong>, cubriendo cada aspecto de Seguridad y Funcionalidad, escalable, integrando la Evoluci\u00f3n de Tecnolog\u00eda que d\u00eda a d\u00eda se libera. Dentro de NUESTRA F\u00e1brica de Software, hemos desarrollado el Sistema de Accesos Digitales, por lo que <strong>somos los due\u00f1os del 100% del C\u00f3digo, lo que nos permite crear nuevos m\u00f3dulos, modificar o agregar funcionalidad, nuevos actores e interacciones de nuestro sistema.<\/strong> Nuestro alcance de servicio abarca los 32 Estados de la Rep\u00fablica Mexicana.<br \/>\nSomos Microsoft Silver Partner en la competencia de ISV (Independent Software Vendor). As\u00ed mismo, contamos con la Certificaci\u00f3n de ErCom Expert Implementator en Par\u00eds, Francia y una tecnolog\u00eda \u00e1gil de desarrollo: Genexus Partner.[\/vc_column_text][\/vc_column][vc_column width=&#8221;1\/2&#8243;][vc_single_image image=&#8221;147&#8243; img_size=&#8221;full&#8221; alignment=&#8221;center&#8221;][\/vc_column][\/vc_row][vc_row gap=&#8221;35&#8243; css=&#8221;.vc_custom_1578725897970{padding-top: 70px !important;padding-bottom: 70px !important;background-image: url(https:\/\/www.arcodisc.com.mx\/wp-content\/uploads\/2020\/01\/back_patt.png?id=148) !important;background-position: 0 0 !important;background-repeat: repeat !important;}&#8221;][vc_column width=&#8221;1\/2&#8243;][gsf_icon_box layout_style=&#8221;ib-left-inline&#8221; title=&#8221;Misi\u00f3n&#8221; title_font_size=&#8221;24&#8243; description=&#8221;Dise\u00f1ar, transformar e integrar los sistemas de c\u00f3mputo en valor para nuestros clientes, implementando soluciones que resuelvan sus necesidades, utilizando las \u00faltimas tecnolog\u00edas disponibles.&#8221; des_letter_spacing=&#8221;0&#8243; icon_font=&#8221;fa fa-book&#8221;][\/vc_column][vc_column width=&#8221;1\/2&#8243;][gsf_icon_box layout_style=&#8221;ib-left-inline&#8221; title=&#8221;Visi\u00f3n&#8221; title_font_size=&#8221;24&#8243; description=&#8221;Ser los proveedores m\u00e1s confiables, con altos est\u00e1ndares de calidad, gran funcionalidad y con alto desempe\u00f1o en todos los sistemas desarrollados. As\u00ed como contar con soluciones integrales f\u00e1ciles de instalar previamente dise\u00f1adas y programadas que puedan personalizarse para cada empresa y giro de negocio.&#8221; des_letter_spacing=&#8221;0&#8243; icon_font=&#8221;fa fa-eye&#8221;][\/vc_column][\/vc_row][vc_row css=&#8221;.vc_custom_1578725369074{padding-top: 80px !important;padding-bottom: 80px !important;background-color: #13a085 !important;}&#8221;][vc_column width=&#8221;1\/6&#8243;][\/vc_column][vc_column width=&#8221;2\/3&#8243;][vc_custom_heading text=&#8221;M\u00e1s informaci\u00f3n sobre productos y servicios de DISC&#8221; font_container=&#8221;tag:h5|font_size:24|text_align:center|color:%23ffffff&#8221; google_fonts=&#8221;font_family:Montserrat%3Aregular%2C700|font_style:700%20bold%20regular%3A700%3Anormal&#8221;][gsf_button title=&#8221;CONOCE M\u00c1S&#8221; style=&#8221;outline&#8221; shape=&#8221;round&#8221; color=&#8221;white&#8221; size=&#8221;lg&#8221; align=&#8221;center&#8221; link=&#8221;url:https%3A%2F%2Fwww.disc.com.mx%2F||target:%20_blank|&#8221;][\/vc_column][vc_column width=&#8221;1\/6&#8243;][\/vc_column][\/vc_row]<\/p>\n<\/div>","protected":false},"excerpt":{"rendered":"<p>[vc_row gap=&#8221;35&#8243; content_placement=&#8221;middle&#8221; css=&#8221;.vc_custom_1578725741069{padding-top: 50px !important;padding-bottom: 50px !important;background-image: url(https:\/\/www.arcodisc.com.mx\/wp-content\/uploads\/2020\/01\/somos-header-back.jpg?id=145) !important;background-position: center !important;background-repeat: no-repeat !important;background-size: cover !important;}&#8221;][vc_column width=&#8221;1\/6&#8243;][\/vc_column][vc_column width=&#8221;2\/3&#8243;][vc_custom_heading text=&#8221;\u00bfQui\u00e9nes somos en ARCO GRP?&#8221; font_container=&#8221;tag:h1|text_align:center|color:%23ffffff&#8221; use_theme_fonts=&#8221;yes&#8221;][vc_separator color=&#8221;white&#8221;][vc_single_image image=&#8221;146&#8243; img_size=&#8221;full&#8221; alignment=&#8221;center&#8221;][vc_empty_space height=&#8221;25px&#8221;][vc_column_text] F\u00e1brica de Software con certificaciones internacionales y las alianzas m\u00e1s importantes a nivel mundial, DISC, Dise\u00f1o e Integraci\u00f3n de Sistemas Computacionales S. de R.L. de [&hellip;]<\/p>\n","protected":false},"author":2,"featured_media":0,"parent":0,"menu_order":0,"comment_status":"closed","ping_status":"closed","template":"","meta":{"footnotes":""},"class_list":["post-142","page","type-page","status-publish","hentry"],"jetpack-related-posts":[],"jetpack_sharing_enabled":true,"_links":{"self":[{"href":"https:\/\/arcodisc.com.mx\/index.php?rest_route=\/wp\/v2\/pages\/142","targetHints":{"allow":["GET"]}}],"collection":[{"href":"https:\/\/arcodisc.com.mx\/index.php?rest_route=\/wp\/v2\/pages"}],"about":[{"href":"https:\/\/arcodisc.com.mx\/index.php?rest_route=\/wp\/v2\/types\/page"}],"author":[{"embeddable":true,"href":"https:\/\/arcodisc.com.mx\/index.php?rest_route=\/wp\/v2\/users\/2"}],"replies":[{"embeddable":true,"href":"https:\/\/arcodisc.com.mx\/index.php?rest_route=%2Fwp%2Fv2%2Fcomments&post=142"}],"version-history":[{"count":0,"href":"https:\/\/arcodisc.com.mx\/index.php?rest_route=\/wp\/v2\/pages\/142\/revisions"}],"wp:attachment":[{"href":"https:\/\/arcodisc.com.mx\/index.php?rest_route=%2Fwp%2Fv2%2Fmedia&parent=142"}],"curies":[{"name":"wp","href":"https:\/\/api.w.org\/{rel}","templated":true}]}}