{"id":155,"date":"2020-01-11T01:00:08","date_gmt":"2020-01-11T07:00:08","guid":{"rendered":"https:\/\/arcodisc.com.mx\/home\/?page_id=155"},"modified":"2020-01-30T22:12:54","modified_gmt":"2020-01-31T04:12:54","slug":"modulos","status":"publish","type":"page","link":"https:\/\/arcodisc.com.mx\/?page_id=155","title":{"rendered":"M\u00f3dulos"},"content":{"rendered":"<div class=\"wpb-content-wrapper\"><p>[vc_row gap=&#8221;35&#8243; content_placement=&#8221;middle&#8221; css=&#8221;.vc_custom_1579106862167{padding-top: 50px !important;padding-bottom: 50px !important;background-image: url(https:\/\/www.arcodisc.com.mx\/wp-content\/uploads\/2020\/01\/modulos-header-back.jpg?id=164) !important;background-position: center !important;background-repeat: no-repeat !important;background-size: cover !important;}&#8221;]<a class=\"cumpla\" href=\"https:\/\/www.arcodisc.com.mx\/home\/contacto\"><img decoding=\"async\" src=\"https:\/\/www.arcodisc.com.mx\/wp-content\/uploads\/2020\/01\/cumpla_ya.png\" \/><\/a>[vc_column width=&#8221;1\/6&#8243;][\/vc_column][vc_column width=&#8221;2\/3&#8243;][vc_custom_heading text=&#8221;M\u00f3dulos de ARCO&#8221; font_container=&#8221;tag:h1|text_align:center|color:%23ffffff&#8221; use_theme_fonts=&#8221;yes&#8221;][vc_separator color=&#8221;white&#8221;][vc_empty_space height=&#8221;25px&#8221;][vc_column_text]<\/p>\n<p style=\"text-align: center; color: #fff;\">El Sistema ARCO GRP, cuenta con los siguientes m\u00f3dulos por defecto, sin embargo, podemos crear m\u00f3dulos espec\u00edficos en caso de que Usted requiera alguno, e inclusive podemos deshabilitar m\u00f3dulos en caso de que su operaci\u00f3n sea m\u00e1s sencilla:<\/p>\n<p>[\/vc_column_text][\/vc_column][vc_column width=&#8221;1\/6&#8243;][\/vc_column][\/vc_row][vc_row css=&#8221;.vc_custom_1578719016957{padding-top: 80px !important;padding-bottom: 80px !important;background-color: #2a2a2a !important;}&#8221;][vc_column][vc_custom_heading text=&#8221;Diagrama modular ARCO&#8221; font_container=&#8221;tag:h2|text_align:center|color:%23ffffff&#8221; use_theme_fonts=&#8221;yes&#8221;][vc_single_image image=&#8221;133&#8243; img_size=&#8221;medium&#8221; alignment=&#8221;center&#8221; style=&#8221;vc_box_border&#8221; border_color=&#8221;white&#8221; onclick=&#8221;link_image&#8221;][\/vc_column][\/vc_row][vc_row css=&#8221;.vc_custom_1579109760827{padding-top: 50px !important;padding-bottom: 50px !important;background-color: #f2f5f7 !important;}&#8221;][vc_column][gsf_slider_container dots=&#8221;on&#8221; nav_position=&#8221;nav-center-outer&#8221; nav_style=&#8221;nav-icon&#8221; margin=&#8221;10&#8243; columns=&#8221;3&#8243; columns_md=&#8221;3&#8243; columns_sm=&#8221;2&#8243; columns_xs=&#8221;1&#8243; columns_mb=&#8221;1&#8243;][vc_row_inner el_class=&#8221;carrusel&#8221; css=&#8221;.vc_custom_1579110207069{margin-right: 10px !important;margin-left: 10px !important;border-top-width: 2px !important;border-right-width: 2px !important;border-bottom-width: 2px !important;border-left-width: 2px !important;padding-bottom: 20px !important;background-color: #ffffff !important;border-left-color: #e2e2e2 !important;border-left-style: solid !important;border-right-color: #e2e2e2 !important;border-right-style: solid !important;border-top-color: #e2e2e2 !important;border-top-style: solid !important;border-bottom-color: #e2e2e2 !important;border-bottom-style: solid !important;border-radius: 2px !important;}&#8221;][vc_column_inner][vc_empty_space height=&#8221;25px&#8221;][vc_single_image image=&#8221;179&#8243; img_size=&#8221;full&#8221; alignment=&#8221;center&#8221; style=&#8221;vc_box_border&#8221; border_color=&#8221;white&#8221; onclick=&#8221;link_image&#8221;][vc_empty_space height=&#8221;25px&#8221;][vc_column_text]<\/p>\n<p style=\"text-align: center;\"><strong>M\u00d3DULO DE CONTABILIDAD<\/strong><\/p>\n<p>El M\u00f3dulo SCG, Sistema de Contabilidad Gubernamental, est\u00e1 dise\u00f1ado de acuerdo a los requerimientos de la LGCG y el CONAC, y esta compuesto por las siguientes aplicaciones:<\/p>\n<ul>\n<li>Plan de cuentas, donde se da de alta el Cat\u00e1logo de cuentas, as\u00ed como el registro de todos los movimientos contables y presupuestales y se llevan a cabo las siguientes tareas:<\/li>\n<li>Clasificadores Armonizados del Presupuesto<\/li>\n<li>Relaci\u00f3n Contable\/Presupuestal, con las cuentas alineadas con COG<\/li>\n<li>Gu\u00edas Contabilizadoras<\/li>\n<li>Matriz de Conversi\u00f3n, donde se registran las aplicaciones contables y los asientos.<\/li>\n<li>Tipo de Bienes Armonizados, donde se da de alta del Cat\u00e1logo de Bienes Muebles y Servicios CAMBS<\/li>\n<\/ul>\n<p>[\/vc_column_text][\/vc_column_inner][\/vc_row_inner][vc_row_inner el_class=&#8221;carrusel&#8221; css=&#8221;.vc_custom_1579110249026{margin-right: 10px !important;margin-left: 10px !important;border-top-width: 2px !important;border-right-width: 2px !important;border-bottom-width: 2px !important;border-left-width: 2px !important;padding-bottom: 20px !important;background-color: #ffffff !important;border-left-color: #e2e2e2 !important;border-left-style: solid !important;border-right-color: #e2e2e2 !important;border-right-style: solid !important;border-top-color: #e2e2e2 !important;border-top-style: solid !important;border-bottom-color: #e2e2e2 !important;border-bottom-style: solid !important;border-radius: 2px !important;}&#8221;][vc_column_inner][vc_empty_space height=&#8221;25px&#8221;][vc_single_image image=&#8221;180&#8243; img_size=&#8221;full&#8221; alignment=&#8221;center&#8221; style=&#8221;vc_box_border&#8221; border_color=&#8221;white&#8221; onclick=&#8221;link_image&#8221;][vc_empty_space height=&#8221;25px&#8221;][vc_column_text]<\/p>\n<p style=\"text-align: center;\"><strong>M\u00d3DULO PRESUPUESTO<\/strong><\/p>\n<p>El M\u00f3dulo de Presupuesto cuenta con las siguientes funciones:<\/p>\n<ul>\n<li>Formulaci\u00f3n Presupuestaria, con los diferentes Programas de Presupuestos<\/li>\n<li>Gesti\u00f3n Presupuestal, donde se dan de alta todas las claves presupuestales<\/li>\n<li>Modificaci\u00f3n del Presupuesto, de Egresos e Ingresos<\/li>\n<li>Integraci\u00f3n con SICOP y SIAFF<\/li>\n<\/ul>\n<p>[\/vc_column_text][\/vc_column_inner][\/vc_row_inner][vc_row_inner el_class=&#8221;carrusel&#8221; css=&#8221;.vc_custom_1579110293895{margin-right: 10px !important;margin-left: 10px !important;border-top-width: 2px !important;border-right-width: 2px !important;border-bottom-width: 2px !important;border-left-width: 2px !important;padding-bottom: 20px !important;background-color: #ffffff !important;border-left-color: #e2e2e2 !important;border-left-style: solid !important;border-right-color: #e2e2e2 !important;border-right-style: solid !important;border-top-color: #e2e2e2 !important;border-top-style: solid !important;border-bottom-color: #e2e2e2 !important;border-bottom-style: solid !important;border-radius: 2px !important;}&#8221;][vc_column_inner][vc_empty_space height=&#8221;25px&#8221;][vc_single_image image=&#8221;181&#8243; img_size=&#8221;full&#8221; alignment=&#8221;center&#8221; style=&#8221;vc_box_border&#8221; border_color=&#8221;white&#8221; onclick=&#8221;link_image&#8221;][vc_empty_space height=&#8221;25px&#8221;][vc_column_text]<\/p>\n<p style=\"text-align: center;\"><strong>M\u00d3DULO RECAUDACI\u00d3N<\/strong><\/p>\n<p>El M\u00f3dulo de Recaudaci\u00f3n cuenta con las siguientes aplicaciones:<\/p>\n<ul>\n<li>Contribuciones, donde se va registrando el Padr\u00f3n \u00fanico de contribuyentes y sus recaudaciones y dem\u00e1s fuentes de racaudaci\u00f3n<\/li>\n<\/ul>\n<p>[\/vc_column_text][\/vc_column_inner][\/vc_row_inner][vc_row_inner el_class=&#8221;carrusel&#8221; css=&#8221;.vc_custom_1579110302087{margin-right: 10px !important;margin-left: 10px !important;border-top-width: 2px !important;border-right-width: 2px !important;border-bottom-width: 2px !important;border-left-width: 2px !important;padding-bottom: 20px !important;background-color: #ffffff !important;border-left-color: #e2e2e2 !important;border-left-style: solid !important;border-right-color: #e2e2e2 !important;border-right-style: solid !important;border-top-color: #e2e2e2 !important;border-top-style: solid !important;border-bottom-color: #e2e2e2 !important;border-bottom-style: solid !important;border-radius: 2px !important;}&#8221;][vc_column_inner][vc_empty_space height=&#8221;25px&#8221;][vc_single_image image=&#8221;182&#8243; img_size=&#8221;full&#8221; alignment=&#8221;center&#8221; style=&#8221;vc_box_border&#8221; border_color=&#8221;white&#8221; onclick=&#8221;link_image&#8221;][vc_empty_space height=&#8221;25px&#8221;][vc_column_text]<\/p>\n<p style=\"text-align: center;\"><strong>M\u00d3DULO TESORER\u00cdA<\/strong><\/p>\n<p>El M\u00f3dulo de Tesorer\u00eda contiene las siguientes aplicaciones:<\/p>\n<ul>\n<li>Cuentas por Cobrar, donde se lleva el control de los Ingresos Propios y de Documentos, identificando si se hace en moneda nacional o extranjera y la confirmaci\u00f3n por parte del banco de dichos pagos indicando cu\u00e1ndo se hizo el registro y la aplicaci\u00f3n del mismo.<\/li>\n<li>Cuentas por Pagar, donde se puede establecer un programa de pagos, desde su solicitud hasta el registro y la aplicaci\u00f3n del movimiento.<\/li>\n<li>Bancos, contiene las cuentas bancarias, conciliaciones, y flujos de efectivo<\/li>\n<li>Fondo Revolvente<\/li>\n<\/ul>\n<p>[\/vc_column_text][\/vc_column_inner][\/vc_row_inner][vc_row_inner el_class=&#8221;carrusel&#8221; css=&#8221;.vc_custom_1579110302087{margin-right: 10px !important;margin-left: 10px !important;border-top-width: 2px !important;border-right-width: 2px !important;border-bottom-width: 2px !important;border-left-width: 2px !important;padding-bottom: 20px !important;background-color: #ffffff !important;border-left-color: #e2e2e2 !important;border-left-style: solid !important;border-right-color: #e2e2e2 !important;border-right-style: solid !important;border-top-color: #e2e2e2 !important;border-top-style: solid !important;border-bottom-color: #e2e2e2 !important;border-bottom-style: solid !important;border-radius: 2px !important;}&#8221;][vc_column_inner][vc_empty_space height=&#8221;25px&#8221;][vc_single_image image=&#8221;183&#8243; img_size=&#8221;full&#8221; alignment=&#8221;center&#8221; style=&#8221;vc_box_border&#8221; border_color=&#8221;white&#8221; onclick=&#8221;link_image&#8221;][vc_empty_space height=&#8221;25px&#8221;][vc_column_text]<\/p>\n<p style=\"text-align: center;\"><strong>M\u00d3DULO CONTABILIDAD<\/strong><\/p>\n<p>El M\u00f3dulo de Contabilidad cuenta con las siguientes aplicaciones:<\/p>\n<ul>\n<li>Contabilidad, donde se registran los diferentes Ejercicios fiscales, se generan las p\u00f3lizas, y el cierre fiscal.<\/li>\n<li>Estados e Informaci\u00f3n Contable, donde se procesan de manera autom\u00e1tica y en tiempo real, los diferentes Estados Contables<\/li>\n<li>Estados e Informaci\u00f3n Econ\u00f3mica<\/li>\n<li>Estados e Informaci\u00f3n Presupuestaria y Program\u00e1tica, que nos ofrece informes sobre los diferentes ejercicios, de ingresos, egresos y presupuesto, as\u00ed como program\u00e1tica.<\/li>\n<\/ul>\n<p>[\/vc_column_text][\/vc_column_inner][\/vc_row_inner][vc_row_inner el_class=&#8221;carrusel&#8221; css=&#8221;.vc_custom_1579110302087{margin-right: 10px !important;margin-left: 10px !important;border-top-width: 2px !important;border-right-width: 2px !important;border-bottom-width: 2px !important;border-left-width: 2px !important;padding-bottom: 20px !important;background-color: #ffffff !important;border-left-color: #e2e2e2 !important;border-left-style: solid !important;border-right-color: #e2e2e2 !important;border-right-style: solid !important;border-top-color: #e2e2e2 !important;border-top-style: solid !important;border-bottom-color: #e2e2e2 !important;border-bottom-style: solid !important;border-radius: 2px !important;}&#8221;][vc_column_inner][vc_empty_space height=&#8221;25px&#8221;][vc_single_image image=&#8221;184&#8243; img_size=&#8221;full&#8221; alignment=&#8221;center&#8221; style=&#8221;vc_box_border&#8221; border_color=&#8221;white&#8221; onclick=&#8221;link_image&#8221;][vc_empty_space height=&#8221;25px&#8221;][vc_column_text]<\/p>\n<p style=\"text-align: center;\"><strong>M\u00d3DULO ADQUISICIONES<\/strong><\/p>\n<p>El M\u00f3dulo de Adquisiciones cuenta con las siguientes aplicaciones:<\/p>\n<ul>\n<li>Generales, donde se da de alta el Cat\u00e1logo de Productos, Proveedores y Servicios, as\u00ed como los diferentes tipos de contratos ya sea por Adjudicaci\u00f3n Directa, por Invitaci\u00f3n, por Licitaci\u00f3n o Excepciones previstas por la Ley.<\/li>\n<li>Adquisiciones, refleja todos los movimientos de requisici\u00f3n que se llevan a cabo por los diferentes usuarios autorizados, as\u00ed como las \u00f3rdenes de compra correspondientes y el consecutivo de facturas generadas.<\/li>\n<li>Administraci\u00f3n de Contratos, donde se registran las diferentes condiciones de cada contrato y el contrato en s\u00ed.<\/li>\n<\/ul>\n<p>[\/vc_column_text][\/vc_column_inner][\/vc_row_inner][vc_row_inner el_class=&#8221;carrusel&#8221; css=&#8221;.vc_custom_1579110302087{margin-right: 10px !important;margin-left: 10px !important;border-top-width: 2px !important;border-right-width: 2px !important;border-bottom-width: 2px !important;border-left-width: 2px !important;padding-bottom: 20px !important;background-color: #ffffff !important;border-left-color: #e2e2e2 !important;border-left-style: solid !important;border-right-color: #e2e2e2 !important;border-right-style: solid !important;border-top-color: #e2e2e2 !important;border-top-style: solid !important;border-bottom-color: #e2e2e2 !important;border-bottom-style: solid !important;border-radius: 2px !important;}&#8221;][vc_column_inner][vc_empty_space height=&#8221;25px&#8221;][vc_single_image image=&#8221;185&#8243; img_size=&#8221;full&#8221; alignment=&#8221;center&#8221; style=&#8221;vc_box_border&#8221; border_color=&#8221;white&#8221; onclick=&#8221;link_image&#8221;][vc_empty_space height=&#8221;25px&#8221;][vc_column_text]<\/p>\n<p style=\"text-align: center;\"><strong>M\u00d3DULO BIENES<\/strong><\/p>\n<p>En el M\u00f3dulo de Bienes se registran todos los Bienes muebles o inmuebles y su manejo y cuenta con las siguientes aplicaciones:<\/p>\n<ul>\n<li>Registro de Bienes Inmuebles.<\/li>\n<li>Almac\u00e9n \u2013 Activo Fijo, donde se dan de alta los diferentes Almacenes con los que cuenta la Instituci\u00f3n, tomando en cuenta su ubicaci\u00f3n, Inventario, tipos de transporte y las condiciones de recepci\u00f3n de productos, entre otros.<\/li>\n<li>Movimientos de Almac\u00e9n, se registran todos los movimientos de entradas, salidas y solicitudes de almac\u00e9n.<\/li>\n<li>Control Vehicular, se lleva un registro de todo el parque vehicular con el que cuenta la Instituci\u00f3n, tomando en cuenta el tipo de veh\u00edculo, gastos de combustible, talleres de servicio, asignaciones, etc.<\/li>\n<\/ul>\n<p>[\/vc_column_text][\/vc_column_inner][\/vc_row_inner][vc_row_inner el_class=&#8221;carrusel&#8221; css=&#8221;.vc_custom_1579110302087{margin-right: 10px !important;margin-left: 10px !important;border-top-width: 2px !important;border-right-width: 2px !important;border-bottom-width: 2px !important;border-left-width: 2px !important;padding-bottom: 20px !important;background-color: #ffffff !important;border-left-color: #e2e2e2 !important;border-left-style: solid !important;border-right-color: #e2e2e2 !important;border-right-style: solid !important;border-top-color: #e2e2e2 !important;border-top-style: solid !important;border-bottom-color: #e2e2e2 !important;border-bottom-style: solid !important;border-radius: 2px !important;}&#8221;][vc_column_inner][vc_empty_space height=&#8221;25px&#8221;][vc_single_image image=&#8221;186&#8243; img_size=&#8221;full&#8221; alignment=&#8221;center&#8221; style=&#8221;vc_box_border&#8221; border_color=&#8221;white&#8221; onclick=&#8221;link_image&#8221;][vc_empty_space height=&#8221;25px&#8221;][vc_column_text]<\/p>\n<p style=\"text-align: center;\"><strong>M\u00d3DULO RECURSOS HUMANOS Y N\u00d3MINA<\/strong><\/p>\n<p>El M\u00f3dulo de Recursos Humanos, es un robusto m\u00f3dulo que cuenta con las siguientes aplicaciones:<\/p>\n<ul>\n<li>Registro de Bienes Inmuebles.<\/li>\n<li>Estructura Organizacional, donde se dan de alta los par\u00e1metros de la Instituci\u00f3n, las \u00e1reas, procesos, lugares, puestos y plazas de trabajo, las jerarqu\u00edas organizacionales y de puestos, as\u00ed como los registros patronales.<\/li>\n<li>Operaci\u00f3n y Control, todo lo que tiene que ver con la N\u00f3mina y pagos salariales, configurable de acuerdo a las necesidades del cliente.<\/li>\n<li>Relaciones Laborales y Servicios, donde se registran todas las incidencias del personal, tomando en cuenta salario, comisiones, vacaciones, liquidaciones.<\/li>\n<li>Otros, a trav\u00e9s de esta aplicaci\u00f3n se pueden elaborar los diferentes Reportes que este m\u00f3dulo genere, as\u00ed como la definici\u00f3n de Procesos de los pagos por concepto de n\u00f3mina que se llevan a cabo.<\/li>\n<li>Devoluci\u00f3n del ISR por el apartado del 3B<\/li>\n<\/ul>\n<p>[\/vc_column_text][\/vc_column_inner][\/vc_row_inner][vc_row_inner el_class=&#8221;carrusel&#8221; css=&#8221;.vc_custom_1579110302087{margin-right: 10px !important;margin-left: 10px !important;border-top-width: 2px !important;border-right-width: 2px !important;border-bottom-width: 2px !important;border-left-width: 2px !important;padding-bottom: 20px !important;background-color: #ffffff !important;border-left-color: #e2e2e2 !important;border-left-style: solid !important;border-right-color: #e2e2e2 !important;border-right-style: solid !important;border-top-color: #e2e2e2 !important;border-top-style: solid !important;border-bottom-color: #e2e2e2 !important;border-bottom-style: solid !important;border-radius: 2px !important;}&#8221;][vc_column_inner][vc_empty_space height=&#8221;25px&#8221;][vc_single_image image=&#8221;187&#8243; img_size=&#8221;full&#8221; alignment=&#8221;center&#8221; style=&#8221;vc_box_border&#8221; border_color=&#8221;white&#8221; onclick=&#8221;link_image&#8221;][vc_empty_space height=&#8221;25px&#8221;][vc_column_text]<\/p>\n<p style=\"text-align: center;\"><strong>M\u00d3DULO PROYECTOS<\/strong><\/p>\n<p>El M\u00f3dulo de Proyectos cuenta con las siguientes aplicaciones:<\/p>\n<ul>\n<li>Proyectos, aqu\u00ed se dan de alta todos los proyectos que se llevan a cabo en la organizaci\u00f3n donde se especifican los Beneficiarios externos, los proyectos que se est\u00e1n llevando a cabo, los equipos de trabajo, las tareas que se tienen que llevar a cabo, el esfuerzo de cada participantes, as\u00ed como un control de los gastos por proyecto.<\/li>\n<li>Par\u00e1metros de Proyectos, que nos permite registrar el Cat\u00e1logo de tipo de proyectos, su estado, aprobaci\u00f3n y prioridad.<\/li>\n<li>Par\u00e1metros de Tareas, por prioridad, estado y tipo.<\/li>\n<li>Ajustes de Riesgos, tomando en cuenta el nivel, estado y tipo de riesgo.<\/li>\n<li>Ajustes de Seguimiento, donde encontramos un Cat\u00e1logo de seguimiento a Proyectos.<\/li>\n<\/ul>\n<p>[\/vc_column_text][\/vc_column_inner][\/vc_row_inner][vc_row_inner el_class=&#8221;carrusel&#8221; css=&#8221;.vc_custom_1579110302087{margin-right: 10px !important;margin-left: 10px !important;border-top-width: 2px !important;border-right-width: 2px !important;border-bottom-width: 2px !important;border-left-width: 2px !important;padding-bottom: 20px !important;background-color: #ffffff !important;border-left-color: #e2e2e2 !important;border-left-style: solid !important;border-right-color: #e2e2e2 !important;border-right-style: solid !important;border-top-color: #e2e2e2 !important;border-top-style: solid !important;border-bottom-color: #e2e2e2 !important;border-bottom-style: solid !important;border-radius: 2px !important;}&#8221;][vc_column_inner][vc_empty_space height=&#8221;25px&#8221;][vc_single_image image=&#8221;188&#8243; img_size=&#8221;full&#8221; alignment=&#8221;center&#8221; style=&#8221;vc_box_border&#8221; border_color=&#8221;white&#8221; onclick=&#8221;link_image&#8221;][vc_empty_space height=&#8221;25px&#8221;][vc_column_text]<\/p>\n<p style=\"text-align: center;\"><strong>M\u00d3DULO MI PORTAL<\/strong><\/p>\n<p>El M\u00f3dulo Mi Portal cuenta con las siguientes aplicaciones:<\/p>\n<ul>\n<li>Mis Tareas, donde el usuario podr\u00e1 estar al tanto del status de las diferentes tareas que son su responsabilidad y desde ah\u00ed podr\u00e1 realizarlas, as\u00ed como llevar la Administraci\u00f3n de Comprobantes de Gastos y la de Gastos por Comisi\u00f3n.<\/li>\n<li>Ejecuci\u00f3n del Gasto, donde el usuario da de alta los requerimientos de gastos y el registro de las operaciones de egreso.<\/li>\n<\/ul>\n<p>[\/vc_column_text][\/vc_column_inner][\/vc_row_inner][vc_row_inner el_class=&#8221;carrusel&#8221; css=&#8221;.vc_custom_1579110302087{margin-right: 10px !important;margin-left: 10px !important;border-top-width: 2px !important;border-right-width: 2px !important;border-bottom-width: 2px !important;border-left-width: 2px !important;padding-bottom: 20px !important;background-color: #ffffff !important;border-left-color: #e2e2e2 !important;border-left-style: solid !important;border-right-color: #e2e2e2 !important;border-right-style: solid !important;border-top-color: #e2e2e2 !important;border-top-style: solid !important;border-bottom-color: #e2e2e2 !important;border-bottom-style: solid !important;border-radius: 2px !important;}&#8221;][vc_column_inner][vc_empty_space height=&#8221;25px&#8221;][vc_single_image image=&#8221;189&#8243; img_size=&#8221;full&#8221; alignment=&#8221;center&#8221; style=&#8221;vc_box_border&#8221; border_color=&#8221;white&#8221; onclick=&#8221;link_image&#8221;][vc_empty_space height=&#8221;25px&#8221;][vc_column_text]<\/p>\n<p style=\"text-align: center;\"><strong>M\u00d3DULO CONFIGURACI\u00d3N<\/strong><\/p>\n<p>El M\u00f3dulo de Configuraci\u00f3n nos permite personalizar, de acuerdo a las necesidades de la operaci\u00f3n y gesti\u00f3n del cliente, el sistema, y cuenta con las siguientes aplicaciones:<\/p>\n<ul>\n<li>Configuraci\u00f3n, aqu\u00ed se configura desde el Cat\u00e1logo de Empresas con las que cuenta la organizaci\u00f3n, los m\u00f3dulos que se requieren pudiendo agregar o quitar m\u00f3dulos, el tipo de usuarios\/empleados con sus roles, claves de usuarios y sus funciones.<\/li>\n<li>Flow, donde encontramos el Cat\u00e1logo de Procesos del GRP y los Requerimientos de Procesos.<\/li>\n<li>Cat\u00e1logos de Sistema, aqu\u00ed se configuran los grupos de documentos de RRHH, cursos y evaluaciones, escolares, laborales, personales, y todos y cada uno de los valores que se deseen contengan dichos cat\u00e1logos.<\/li>\n<\/ul>\n<p>[\/vc_column_text][\/vc_column_inner][\/vc_row_inner][\/gsf_slider_container][\/vc_column][\/vc_row][vc_row css=&#8221;.vc_custom_1578726561322{padding-top: 80px !important;padding-bottom: 80px !important;background-color: #2a2a2a !important;}&#8221;][vc_column][vc_custom_heading text=&#8221;Diagrama de procesos ARCO&#8221; font_container=&#8221;tag:h2|text_align:center|color:%23ffffff&#8221; use_theme_fonts=&#8221;yes&#8221;][vc_single_image image=&#8221;160&#8243; img_size=&#8221;medium&#8221; alignment=&#8221;center&#8221; style=&#8221;vc_box_border&#8221; border_color=&#8221;white&#8221; onclick=&#8221;link_image&#8221;][\/vc_column][\/vc_row][vc_row equal_height=&#8221;yes&#8221; css=&#8221;.vc_custom_1578726519670{padding-top: 50px !important;padding-bottom: 50px !important;background-image: url(https:\/\/www.arcodisc.com.mx\/wp-content\/uploads\/2020\/01\/capacitacion.jpg?id=158) !important;background-position: center !important;background-repeat: no-repeat !important;background-size: cover !important;}&#8221;][vc_column width=&#8221;1\/2&#8243;][vc_custom_heading text=&#8221;Sobre la capacitaci\u00f3n&#8221; font_container=&#8221;tag:h6|font_size:18|text_align:left&#8221; google_fonts=&#8221;font_family:Montserrat%3Aregular%2C700|font_style:400%20regular%3A400%3Anormal&#8221;][vc_empty_space height=&#8221;15px&#8221;][vc_column_text]En <strong>DISC<\/strong> valoramos la productividad y el aprovechamiento del tiempo en el trabajo, por lo que al dise\u00f1ar nuestro Sistema de Contabilidad Gubernamental, pensamos en desarrollar una Soluci\u00f3n Tecnol\u00f3gica amigable y f\u00e1cil de usar que cuenta con procesos automatizados, por lo que nuestro Programa de Capacitaci\u00f3n no requiere de largos periodos de tiempo.[\/vc_column_text][\/vc_column][vc_column width=&#8221;1\/2&#8243;][\/vc_column][\/vc_row]<\/p>\n<\/div>","protected":false},"excerpt":{"rendered":"<p>[vc_row gap=&#8221;35&#8243; content_placement=&#8221;middle&#8221; css=&#8221;.vc_custom_1579106862167{padding-top: 50px !important;padding-bottom: 50px !important;background-image: url(https:\/\/www.arcodisc.com.mx\/wp-content\/uploads\/2020\/01\/modulos-header-back.jpg?id=164) !important;background-position: center !important;background-repeat: no-repeat !important;background-size: cover !important;}&#8221;][vc_column width=&#8221;1\/6&#8243;][\/vc_column][vc_column width=&#8221;2\/3&#8243;][vc_custom_heading text=&#8221;M\u00f3dulos de ARCO&#8221; font_container=&#8221;tag:h1|text_align:center|color:%23ffffff&#8221; use_theme_fonts=&#8221;yes&#8221;][vc_separator color=&#8221;white&#8221;][vc_empty_space height=&#8221;25px&#8221;][vc_column_text] El Sistema ARCO GRP, cuenta con los siguientes m\u00f3dulos por defecto, sin embargo, podemos crear m\u00f3dulos espec\u00edficos en caso de que Usted requiera alguno, e inclusive podemos deshabilitar m\u00f3dulos en [&hellip;]<\/p>\n","protected":false},"author":2,"featured_media":0,"parent":0,"menu_order":0,"comment_status":"closed","ping_status":"closed","template":"","meta":{"footnotes":""},"class_list":["post-155","page","type-page","status-publish","hentry"],"jetpack-related-posts":[],"jetpack_sharing_enabled":true,"_links":{"self":[{"href":"https:\/\/arcodisc.com.mx\/index.php?rest_route=\/wp\/v2\/pages\/155","targetHints":{"allow":["GET"]}}],"collection":[{"href":"https:\/\/arcodisc.com.mx\/index.php?rest_route=\/wp\/v2\/pages"}],"about":[{"href":"https:\/\/arcodisc.com.mx\/index.php?rest_route=\/wp\/v2\/types\/page"}],"author":[{"embeddable":true,"href":"https:\/\/arcodisc.com.mx\/index.php?rest_route=\/wp\/v2\/users\/2"}],"replies":[{"embeddable":true,"href":"https:\/\/arcodisc.com.mx\/index.php?rest_route=%2Fwp%2Fv2%2Fcomments&post=155"}],"version-history":[{"count":3,"href":"https:\/\/arcodisc.com.mx\/index.php?rest_route=\/wp\/v2\/pages\/155\/revisions"}],"predecessor-version":[{"id":384,"href":"https:\/\/arcodisc.com.mx\/index.php?rest_route=\/wp\/v2\/pages\/155\/revisions\/384"}],"wp:attachment":[{"href":"https:\/\/arcodisc.com.mx\/index.php?rest_route=%2Fwp%2Fv2%2Fmedia&parent=155"}],"curies":[{"name":"wp","href":"https:\/\/api.w.org\/{rel}","templated":true}]}}