{"id":211,"date":"2020-01-15T12:07:38","date_gmt":"2020-01-15T18:07:38","guid":{"rendered":"https:\/\/arcodisc.com.mx\/home\/?page_id=211"},"modified":"2020-01-22T15:18:24","modified_gmt":"2020-01-22T21:18:24","slug":"caracteristicas","status":"publish","type":"page","link":"https:\/\/arcodisc.com.mx\/?page_id=211","title":{"rendered":"Caracter\u00edsticas"},"content":{"rendered":"<div class=\"wpb-content-wrapper\"><p>[vc_row gap=&#8221;35&#8243; content_placement=&#8221;middle&#8221; css=&#8221;.vc_custom_1579111925514{padding-top: 50px !important;padding-bottom: 50px !important;background-image: url(https:\/\/www.arcodisc.com.mx\/wp-content\/uploads\/2020\/01\/carac-header-back.jpg?id=213) !important;background-position: center !important;background-repeat: no-repeat !important;background-size: cover !important;}&#8221;]<a class=\"cumpla\" href=\"https:\/\/www.arcodisc.com.mx\/home\/contacto\"><img decoding=\"async\" src=\"https:\/\/www.arcodisc.com.mx\/wp-content\/uploads\/2020\/01\/cumpla_ya.png\"><\/a>[vc_column width=&#8221;1\/4&#8243;][\/vc_column][vc_column width=&#8221;1\/2&#8243;][vc_custom_heading text=&#8221;Caracter\u00edsticas de ARCO&#8221; font_container=&#8221;tag:h1|text_align:center|color:%23ffffff&#8221; use_theme_fonts=&#8221;yes&#8221;][vc_separator color=&#8221;white&#8221;][vc_empty_space height=&#8221;25px&#8221;][vc_column_text]<\/p>\n<p style=\"text-align: center; color: #fff;\">Somos due\u00f1os absolutos del c\u00f3digo fuente, lo cual nos permite adaptar, modificar o crear m\u00f3dulos espec\u00edficos para Usted.<\/p>\n<p>[\/vc_column_text][vc_empty_space height=&#8221;25px&#8221;][gsf_button title=&#8221;CON ARCO, USTED SI CUMPLE&#8221; style=&#8221;outline&#8221; shape=&#8221;round&#8221; color=&#8221;white&#8221; size=&#8221;md&#8221; align=&#8221;center&#8221;][\/vc_column][vc_column width=&#8221;1\/4&#8243;][\/vc_column][\/vc_row][vc_row css=&#8221;.vc_custom_1579118797287{padding-top: 70px !important;padding-bottom: 70px !important;background-image: url(https:\/\/www.arcodisc.com.mx\/wp-content\/uploads\/2020\/01\/back_patt.png?id=148) !important;background-position: 0 0 !important;background-repeat: repeat !important;}&#8221;][vc_column][vc_row_inner equal_height=&#8221;yes&#8221; css=&#8221;.vc_custom_1579118315121{background-color: #f6f6f6 !important;}&#8221;][vc_column_inner width=&#8221;1\/2&#8243; css=&#8221;.vc_custom_1579118693492{border-top-width: 1px !important;border-right-width: 1px !important;border-bottom-width: 1px !important;border-left-width: 1px !important;padding-top: 25px !important;padding-right: 30px !important;padding-bottom: 25px !important;padding-left: 30px !important;border-left-color: #e2e2e2 !important;border-left-style: solid !important;border-right-color: #e2e2e2 !important;border-right-style: solid !important;border-top-color: #e2e2e2 !important;border-top-style: solid !important;border-bottom-color: #e2e2e2 !important;border-bottom-style: solid !important;}&#8221;][vc_single_image image=&#8221;219&#8243; img_size=&#8221;full&#8221; alignment=&#8221;center&#8221;][vc_empty_space height=&#8221;5px&#8221;][vc_column_text]<\/p>\n<p style=\"text-align: center;\">Apego a la normatividad emitida por el Consejo Nacional de Armonizaci\u00f3n Contable (CONAC) y a la Ley General de Contabilidad Gubernamental y Normatividad P\u00fablica (LGCG)<\/p>\n<p>[\/vc_column_text][\/vc_column_inner][vc_column_inner width=&#8221;1\/2&#8243; css=&#8221;.vc_custom_1579118701743{border-top-width: 1px !important;border-right-width: 1px !important;border-bottom-width: 1px !important;padding-top: 25px !important;padding-right: 30px !important;padding-bottom: 25px !important;padding-left: 30px !important;border-right-color: #e2e2e2 !important;border-right-style: solid !important;border-top-color: #e2e2e2 !important;border-top-style: solid !important;border-bottom-color: #e2e2e2 !important;border-bottom-style: solid !important;}&#8221;][vc_single_image image=&#8221;221&#8243; img_size=&#8221;full&#8221; alignment=&#8221;center&#8221;][vc_empty_space height=&#8221;5px&#8221;][vc_column_text]<\/p>\n<p style=\"text-align: center;\">Estabilidad y redundancia tan robusta como Usted lo requiera<\/p>\n<p>[\/vc_column_text][\/vc_column_inner][\/vc_row_inner][vc_row_inner equal_height=&#8221;yes&#8221; css=&#8221;.vc_custom_1579118315121{background-color: #f6f6f6 !important;}&#8221;][vc_column_inner width=&#8221;1\/2&#8243; css=&#8221;.vc_custom_1579118754936{border-right-width: 1px !important;border-bottom-width: 1px !important;border-left-width: 1px !important;padding-top: 25px !important;padding-right: 30px !important;padding-bottom: 25px !important;padding-left: 30px !important;border-left-color: #e2e2e2 !important;border-left-style: solid !important;border-right-color: #e2e2e2 !important;border-right-style: solid !important;border-bottom-color: #e2e2e2 !important;border-bottom-style: solid !important;}&#8221;][vc_single_image image=&#8221;238&#8243; img_size=&#8221;full&#8221; alignment=&#8221;center&#8221;][vc_empty_space height=&#8221;5px&#8221;][vc_column_text]<\/p>\n<p style=\"text-align: center;\">Automatizaci\u00f3n de registros Contables en sus diferentes estatus<\/p>\n<p>[\/vc_column_text][\/vc_column_inner][vc_column_inner width=&#8221;1\/2&#8243; css=&#8221;.vc_custom_1579118762763{border-right-width: 1px !important;border-bottom-width: 1px !important;padding-top: 25px !important;padding-right: 30px !important;padding-bottom: 25px !important;padding-left: 30px !important;border-right-color: #e2e2e2 !important;border-right-style: solid !important;border-bottom-color: #e2e2e2 !important;border-bottom-style: solid !important;}&#8221;][vc_single_image image=&#8221;239&#8243; img_size=&#8221;full&#8221; alignment=&#8221;center&#8221;][vc_empty_space height=&#8221;5px&#8221;][vc_column_text]<\/p>\n<p style=\"text-align: center;\">Seguridad en el acceso a la informaci\u00f3n<\/p>\n<p>[\/vc_column_text][\/vc_column_inner][\/vc_row_inner][vc_row_inner equal_height=&#8221;yes&#8221; css=&#8221;.vc_custom_1579118315121{background-color: #f6f6f6 !important;}&#8221;][vc_column_inner width=&#8221;1\/2&#8243; css=&#8221;.vc_custom_1579118754936{border-right-width: 1px !important;border-bottom-width: 1px !important;border-left-width: 1px !important;padding-top: 25px !important;padding-right: 30px !important;padding-bottom: 25px !important;padding-left: 30px !important;border-left-color: #e2e2e2 !important;border-left-style: solid !important;border-right-color: #e2e2e2 !important;border-right-style: solid !important;border-bottom-color: #e2e2e2 !important;border-bottom-style: solid !important;}&#8221;][vc_single_image image=&#8221;242&#8243; img_size=&#8221;full&#8221; alignment=&#8221;center&#8221;][vc_empty_space height=&#8221;5px&#8221;][vc_column_text]<\/p>\n<p style=\"text-align: center;\">Validaci\u00f3n autom\u00e1tica y en tiempo real<\/p>\n<p>[\/vc_column_text][\/vc_column_inner][vc_column_inner width=&#8221;1\/2&#8243; css=&#8221;.vc_custom_1579118762763{border-right-width: 1px !important;border-bottom-width: 1px !important;padding-top: 25px !important;padding-right: 30px !important;padding-bottom: 25px !important;padding-left: 30px !important;border-right-color: #e2e2e2 !important;border-right-style: solid !important;border-bottom-color: #e2e2e2 !important;border-bottom-style: solid !important;}&#8221;][vc_single_image image=&#8221;243&#8243; img_size=&#8221;full&#8221; alignment=&#8221;center&#8221;][vc_empty_space height=&#8221;5px&#8221;][vc_column_text]<\/p>\n<p style=\"text-align: center;\">Soluci\u00f3n multi-plataforma y preparada para Cloud Computing<\/p>\n<p>[\/vc_column_text][\/vc_column_inner][\/vc_row_inner][vc_row_inner equal_height=&#8221;yes&#8221; css=&#8221;.vc_custom_1579118315121{background-color: #f6f6f6 !important;}&#8221;][vc_column_inner width=&#8221;1\/2&#8243; css=&#8221;.vc_custom_1579118754936{border-right-width: 1px !important;border-bottom-width: 1px !important;border-left-width: 1px !important;padding-top: 25px !important;padding-right: 30px !important;padding-bottom: 25px !important;padding-left: 30px !important;border-left-color: #e2e2e2 !important;border-left-style: solid !important;border-right-color: #e2e2e2 !important;border-right-style: solid !important;border-bottom-color: #e2e2e2 !important;border-bottom-style: solid !important;}&#8221;][vc_single_image image=&#8221;244&#8243; img_size=&#8221;full&#8221; alignment=&#8221;center&#8221;][vc_empty_space height=&#8221;5px&#8221;][vc_column_text]<\/p>\n<p style=\"text-align: center;\">Disponibilidad y transparencia de la informaci\u00f3n<\/p>\n<p>[\/vc_column_text][\/vc_column_inner][vc_column_inner width=&#8221;1\/2&#8243; css=&#8221;.vc_custom_1579118762763{border-right-width: 1px !important;border-bottom-width: 1px !important;padding-top: 25px !important;padding-right: 30px !important;padding-bottom: 25px !important;padding-left: 30px !important;border-right-color: #e2e2e2 !important;border-right-style: solid !important;border-bottom-color: #e2e2e2 !important;border-bottom-style: solid !important;}&#8221;][vc_single_image image=&#8221;245&#8243; img_size=&#8221;full&#8221; alignment=&#8221;center&#8221;][vc_empty_space height=&#8221;5px&#8221;][vc_column_text]<\/p>\n<p style=\"text-align: center;\">Administraci\u00f3n y gesti\u00f3n centralizada de la soluci\u00f3n<\/p>\n<p>[\/vc_column_text][\/vc_column_inner][\/vc_row_inner][vc_row_inner equal_height=&#8221;yes&#8221; css=&#8221;.vc_custom_1579118315121{background-color: #f6f6f6 !important;}&#8221;][vc_column_inner width=&#8221;1\/2&#8243; css=&#8221;.vc_custom_1579118754936{border-right-width: 1px !important;border-bottom-width: 1px !important;border-left-width: 1px !important;padding-top: 25px !important;padding-right: 30px !important;padding-bottom: 25px !important;padding-left: 30px !important;border-left-color: #e2e2e2 !important;border-left-style: solid !important;border-right-color: #e2e2e2 !important;border-right-style: solid !important;border-bottom-color: #e2e2e2 !important;border-bottom-style: solid !important;}&#8221;][vc_single_image image=&#8221;238&#8243; img_size=&#8221;full&#8221; alignment=&#8221;center&#8221;][vc_empty_space height=&#8221;5px&#8221;][vc_column_text]<\/p>\n<p style=\"text-align: center;\">Integraci\u00f3n de la informaci\u00f3n contable, presupuestal y program\u00e1tica del Ente P\u00fablico<\/p>\n<p>[\/vc_column_text][\/vc_column_inner][vc_column_inner width=&#8221;1\/2&#8243; css=&#8221;.vc_custom_1579118762763{border-right-width: 1px !important;border-bottom-width: 1px !important;padding-top: 25px !important;padding-right: 30px !important;padding-bottom: 25px !important;padding-left: 30px !important;border-right-color: #e2e2e2 !important;border-right-style: solid !important;border-bottom-color: #e2e2e2 !important;border-bottom-style: solid !important;}&#8221;][vc_single_image image=&#8221;246&#8243; img_size=&#8221;full&#8221; alignment=&#8221;center&#8221;][vc_empty_space height=&#8221;5px&#8221;][vc_column_text]<\/p>\n<p style=\"text-align: center;\">Bit\u00e1cora auditable y con amplia capacidad de b\u00fasqueda<\/p>\n<p>[\/vc_column_text][\/vc_column_inner][\/vc_row_inner][vc_row_inner equal_height=&#8221;yes&#8221; css=&#8221;.vc_custom_1579118315121{background-color: #f6f6f6 !important;}&#8221;][vc_column_inner width=&#8221;1\/2&#8243; css=&#8221;.vc_custom_1579118754936{border-right-width: 1px !important;border-bottom-width: 1px !important;border-left-width: 1px !important;padding-top: 25px !important;padding-right: 30px !important;padding-bottom: 25px !important;padding-left: 30px !important;border-left-color: #e2e2e2 !important;border-left-style: solid !important;border-right-color: #e2e2e2 !important;border-right-style: solid !important;border-bottom-color: #e2e2e2 !important;border-bottom-style: solid !important;}&#8221;][vc_single_image image=&#8221;248&#8243; img_size=&#8221;full&#8221; alignment=&#8221;center&#8221;][vc_empty_space height=&#8221;5px&#8221;][vc_column_text]<\/p>\n<p style=\"text-align: center;\">Capacidad para convivir y automatizar tareas en diferentes sistemas de SHCP como SIAFF, SICOP y MAP<\/p>\n<p>[\/vc_column_text][\/vc_column_inner][vc_column_inner width=&#8221;1\/2&#8243; css=&#8221;.vc_custom_1579118762763{border-right-width: 1px !important;border-bottom-width: 1px !important;padding-top: 25px !important;padding-right: 30px !important;padding-bottom: 25px !important;padding-left: 30px !important;border-right-color: #e2e2e2 !important;border-right-style: solid !important;border-bottom-color: #e2e2e2 !important;border-bottom-style: solid !important;}&#8221;][vc_single_image image=&#8221;249&#8243; img_size=&#8221;full&#8221; alignment=&#8221;center&#8221;][vc_empty_space height=&#8221;5px&#8221;][vc_column_text]<\/p>\n<p style=\"text-align: center;\">Reportes solicitados por la CONAC incluidos<\/p>\n<p>[\/vc_column_text][\/vc_column_inner][\/vc_row_inner][vc_row_inner equal_height=&#8221;yes&#8221; css=&#8221;.vc_custom_1579118315121{background-color: #f6f6f6 !important;}&#8221;][vc_column_inner width=&#8221;1\/2&#8243; css=&#8221;.vc_custom_1579118754936{border-right-width: 1px !important;border-bottom-width: 1px !important;border-left-width: 1px !important;padding-top: 25px !important;padding-right: 30px !important;padding-bottom: 25px !important;padding-left: 30px !important;border-left-color: #e2e2e2 !important;border-left-style: solid !important;border-right-color: #e2e2e2 !important;border-right-style: solid !important;border-bottom-color: #e2e2e2 !important;border-bottom-style: solid !important;}&#8221;][vc_single_image image=&#8221;250&#8243; img_size=&#8221;full&#8221; alignment=&#8221;center&#8221;][vc_empty_space height=&#8221;5px&#8221;][vc_column_text]<\/p>\n<p style=\"text-align: center;\">Capacidad para convivir y automatizar tareas en Secretar\u00eda de Finanzas DF y en SFP con CompraNet<\/p>\n<p>[\/vc_column_text][\/vc_column_inner][vc_column_inner width=&#8221;1\/2&#8243; css=&#8221;.vc_custom_1579118762763{border-right-width: 1px !important;border-bottom-width: 1px !important;padding-top: 25px !important;padding-right: 30px !important;padding-bottom: 25px !important;padding-left: 30px !important;border-right-color: #e2e2e2 !important;border-right-style: solid !important;border-bottom-color: #e2e2e2 !important;border-bottom-style: solid !important;}&#8221;][vc_single_image image=&#8221;251&#8243; img_size=&#8221;full&#8221; alignment=&#8221;center&#8221;][vc_empty_space height=&#8221;5px&#8221;][vc_column_text]<\/p>\n<p style=\"text-align: center;\">Capacidad de creaci\u00f3n de reportes personalizados por el usuario final<\/p>\n<p>[\/vc_column_text][\/vc_column_inner][\/vc_row_inner][vc_row_inner equal_height=&#8221;yes&#8221; css=&#8221;.vc_custom_1579118315121{background-color: #f6f6f6 !important;}&#8221;][vc_column_inner width=&#8221;1\/2&#8243; css=&#8221;.vc_custom_1579118754936{border-right-width: 1px !important;border-bottom-width: 1px !important;border-left-width: 1px !important;padding-top: 25px !important;padding-right: 30px !important;padding-bottom: 25px !important;padding-left: 30px !important;border-left-color: #e2e2e2 !important;border-left-style: solid !important;border-right-color: #e2e2e2 !important;border-right-style: solid !important;border-bottom-color: #e2e2e2 !important;border-bottom-style: solid !important;}&#8221;][vc_single_image image=&#8221;252&#8243; img_size=&#8221;full&#8221; alignment=&#8221;center&#8221;][vc_empty_space height=&#8221;5px&#8221;][vc_column_text]<\/p>\n<p style=\"text-align: center;\">Soluci\u00f3n Centralizada, configurable, adaptable y actualizable<\/p>\n<p>[\/vc_column_text][\/vc_column_inner][vc_column_inner width=&#8221;1\/2&#8243; css=&#8221;.vc_custom_1579118762763{border-right-width: 1px !important;border-bottom-width: 1px !important;padding-top: 25px !important;padding-right: 30px !important;padding-bottom: 25px !important;padding-left: 30px !important;border-right-color: #e2e2e2 !important;border-right-style: solid !important;border-bottom-color: #e2e2e2 !important;border-bottom-style: solid !important;}&#8221;][vc_single_image image=&#8221;253&#8243; img_size=&#8221;full&#8221; alignment=&#8221;center&#8221;][vc_empty_space height=&#8221;5px&#8221;][vc_column_text]<\/p>\n<p style=\"text-align: center;\">Sistema Modular y con capacidad de integraci\u00f3n<\/p>\n<p>[\/vc_column_text][\/vc_column_inner][\/vc_row_inner][vc_row_inner equal_height=&#8221;yes&#8221; css=&#8221;.vc_custom_1579118315121{background-color: #f6f6f6 !important;}&#8221;][vc_column_inner width=&#8221;1\/2&#8243; css=&#8221;.vc_custom_1579118754936{border-right-width: 1px !important;border-bottom-width: 1px !important;border-left-width: 1px !important;padding-top: 25px !important;padding-right: 30px !important;padding-bottom: 25px !important;padding-left: 30px !important;border-left-color: #e2e2e2 !important;border-left-style: solid !important;border-right-color: #e2e2e2 !important;border-right-style: solid !important;border-bottom-color: #e2e2e2 !important;border-bottom-style: solid !important;}&#8221;][vc_single_image image=&#8221;146&#8243; img_size=&#8221;full&#8221; alignment=&#8221;center&#8221;][vc_empty_space height=&#8221;5px&#8221;][vc_column_text]<\/p>\n<p style=\"text-align: center;\">Creaci\u00f3n de m\u00f3dulos sobre medida disponible<\/p>\n<p>[\/vc_column_text][\/vc_column_inner][vc_column_inner width=&#8221;1\/2&#8243; css=&#8221;.vc_custom_1579118762763{border-right-width: 1px !important;border-bottom-width: 1px !important;padding-top: 25px !important;padding-right: 30px !important;padding-bottom: 25px !important;padding-left: 30px !important;border-right-color: #e2e2e2 !important;border-right-style: solid !important;border-bottom-color: #e2e2e2 !important;border-bottom-style: solid !important;}&#8221;][vc_single_image image=&#8221;254&#8243; img_size=&#8221;full&#8221; alignment=&#8221;center&#8221;][vc_empty_space height=&#8221;5px&#8221;][vc_column_text]<\/p>\n<p style=\"text-align: center;\">Recibos de N\u00f3mina por CFDI<\/p>\n<p>[\/vc_column_text][\/vc_column_inner][\/vc_row_inner][\/vc_column][\/vc_row]<\/p>\n<\/div>","protected":false},"excerpt":{"rendered":"<p>[vc_row gap=&#8221;35&#8243; content_placement=&#8221;middle&#8221; css=&#8221;.vc_custom_1579111925514{padding-top: 50px !important;padding-bottom: 50px !important;background-image: url(https:\/\/www.arcodisc.com.mx\/wp-content\/uploads\/2020\/01\/carac-header-back.jpg?id=213) !important;background-position: center !important;background-repeat: no-repeat !important;background-size: cover !important;}&#8221;][vc_column width=&#8221;1\/4&#8243;][\/vc_column][vc_column width=&#8221;1\/2&#8243;][vc_custom_heading text=&#8221;Caracter\u00edsticas de ARCO&#8221; font_container=&#8221;tag:h1|text_align:center|color:%23ffffff&#8221; use_theme_fonts=&#8221;yes&#8221;][vc_separator color=&#8221;white&#8221;][vc_empty_space height=&#8221;25px&#8221;][vc_column_text] Somos due\u00f1os absolutos del c\u00f3digo fuente, lo cual nos permite adaptar, modificar o crear m\u00f3dulos espec\u00edficos para Usted. [\/vc_column_text][vc_empty_space height=&#8221;25px&#8221;][gsf_button title=&#8221;CON ARCO, USTED SI CUMPLE&#8221; style=&#8221;outline&#8221; shape=&#8221;round&#8221; color=&#8221;white&#8221; size=&#8221;md&#8221; align=&#8221;center&#8221;][\/vc_column][vc_column [&hellip;]<\/p>\n","protected":false},"author":2,"featured_media":0,"parent":0,"menu_order":0,"comment_status":"closed","ping_status":"closed","template":"","meta":{"footnotes":""},"class_list":["post-211","page","type-page","status-publish","hentry"],"jetpack-related-posts":[],"jetpack_sharing_enabled":true,"_links":{"self":[{"href":"https:\/\/arcodisc.com.mx\/index.php?rest_route=\/wp\/v2\/pages\/211","targetHints":{"allow":["GET"]}}],"collection":[{"href":"https:\/\/arcodisc.com.mx\/index.php?rest_route=\/wp\/v2\/pages"}],"about":[{"href":"https:\/\/arcodisc.com.mx\/index.php?rest_route=\/wp\/v2\/types\/page"}],"author":[{"embeddable":true,"href":"https:\/\/arcodisc.com.mx\/index.php?rest_route=\/wp\/v2\/users\/2"}],"replies":[{"embeddable":true,"href":"https:\/\/arcodisc.com.mx\/index.php?rest_route=%2Fwp%2Fv2%2Fcomments&post=211"}],"version-history":[{"count":0,"href":"https:\/\/arcodisc.com.mx\/index.php?rest_route=\/wp\/v2\/pages\/211\/revisions"}],"wp:attachment":[{"href":"https:\/\/arcodisc.com.mx\/index.php?rest_route=%2Fwp%2Fv2%2Fmedia&parent=211"}],"curies":[{"name":"wp","href":"https:\/\/api.w.org\/{rel}","templated":true}]}}