{"id":256,"date":"2020-01-15T15:10:11","date_gmt":"2020-01-15T21:10:11","guid":{"rendered":"https:\/\/arcodisc.com.mx\/home\/?page_id=256"},"modified":"2020-01-22T15:19:58","modified_gmt":"2020-01-22T21:19:58","slug":"proceso-de-cumplimiento","status":"publish","type":"page","link":"https:\/\/arcodisc.com.mx\/?page_id=256","title":{"rendered":"Proceso de cumplimiento"},"content":{"rendered":"<div class=\"wpb-content-wrapper\"><p>[vc_row gap=&#8221;35&#8243; content_placement=&#8221;middle&#8221; css=&#8221;.vc_custom_1579124025251{padding-top: 50px !important;padding-bottom: 50px !important;background-image: url(https:\/\/www.arcodisc.com.mx\/wp-content\/uploads\/2020\/01\/proceso-header-back.jpg?id=259) !important;background-position: center !important;background-repeat: no-repeat !important;background-size: cover !important;}&#8221;]<a class=\"cumpla\" href=\"https:\/\/www.arcodisc.com.mx\/home\/contacto\"><img decoding=\"async\" src=\"https:\/\/www.arcodisc.com.mx\/wp-content\/uploads\/2020\/01\/cumpla_ya.png\"><\/a>[vc_column width=&#8221;1\/6&#8243;][\/vc_column][vc_column width=&#8221;2\/3&#8243;][vc_custom_heading text=&#8221;Proceso de Cumplimiento ARCO GRP&#8221; font_container=&#8221;tag:h1|text_align:center|color:%23ffffff&#8221; use_theme_fonts=&#8221;yes&#8221;][vc_separator color=&#8221;white&#8221;][vc_empty_space height=&#8221;25px&#8221;][vc_column_text]<\/p>\n<p style=\"text-align: center; color: #fff;\"><strong>DISC<\/strong>, consciente del esfuerzo que conlleva lograr la Armonizaci\u00f3n Contable en base a los requerimientos de la LGCG y del CONAC, ha ido m\u00e1s all\u00e1 de la observancia contable; se dio a la tarea de coordinar las diversas funciones de los entes p\u00fablicos considerando a su vez la operaci\u00f3n presupuestal, la evaluaci\u00f3n de la gesti\u00f3n p\u00fablica, la rendici\u00f3n de cuentas, transparencia y fiscalizaci\u00f3n, logrando el desarrollo de una soluci\u00f3n integral ARCO, que gira alrededor de los siguientes seis elementos:<\/p>\n<p>[\/vc_column_text][\/vc_column][vc_column width=&#8221;1\/6&#8243;][\/vc_column][\/vc_row][vc_row css=&#8221;.vc_custom_1579141973683{padding-top: 80px !important;background-color: #f2f5f7 !important;}&#8221; responsive=&#8221;vc_hidden-sm vc_hidden-xs&#8221;][vc_column][rev_slider alias=&#8221;proceso&#8221;][\/vc_column][\/vc_row][vc_row el_class=&#8221;responsivo&#8221; css=&#8221;.vc_custom_1579142637375{padding-top: 80px !important;background-color: #f2f5f7 !important;}&#8221; responsive=&#8221;vc_hidden-lg vc_hidden-md&#8221;][vc_column][vc_single_image image=&#8221;301&#8243; img_size=&#8221;full&#8221; alignment=&#8221;center&#8221;][vc_empty_space height=&#8221;15px&#8221;][vc_column_text]<\/p>\n<p style=\"text-align: center;\">El an\u00e1lisis permite identificar las brechas existentes entre el momento actual y las metas a alcanzar establecida por la LGCG y el CONAC, as\u00ed como la estrategia para lograr la Armonizaci\u00f3n Contable.<\/p>\n<p>[\/vc_column_text][vc_empty_space height=&#8221;35px&#8221;][vc_single_image image=&#8221;303&#8243; img_size=&#8221;full&#8221; alignment=&#8221;center&#8221;][vc_empty_space height=&#8221;15px&#8221;][vc_column_text]<\/p>\n<p style=\"text-align: center;\">Los procesos administrativos que impliquen transacciones presupuestarias contables se analizan a profundidad para determinar las brechas entre la situaci\u00f3n actual y lo que marca la LGCG<\/p>\n<p>[\/vc_column_text][vc_empty_space height=&#8221;35px&#8221;][vc_single_image image=&#8221;302&#8243; img_size=&#8221;full&#8221; alignment=&#8221;center&#8221;][vc_empty_space height=&#8221;15px&#8221;][vc_column_text]<\/p>\n<p style=\"text-align: center;\">Para garantizar la permanencia y continuidad de los sistemas de contabilidad gubernamental estos deben: sustentarse bajo la ley, evitar la libre aplicaci\u00f3n de los criterios esenciales, definir responsabilidades y facultades, y establecer los elementos b\u00e1sicos para su adecuado desarrollo.<\/p>\n<p>[\/vc_column_text][vc_empty_space height=&#8221;35px&#8221;][vc_single_image image=&#8221;298&#8243; img_size=&#8221;full&#8221; alignment=&#8221;center&#8221;][vc_empty_space height=&#8221;15px&#8221;][vc_column_text]<\/p>\n<p style=\"text-align: center;\">Con el fin de mejorar el desempe\u00f1o de los procesos, es necesario verificar las tecnolog\u00edas existentes en los entes p\u00fablicos, analizar su funcionalidad con respecto a los requerimientos de la ley, y revisar la capacidad para aplicar las tecnolog\u00edas que cumplir\u00e1n con el objetivo.<\/p>\n<p>[\/vc_column_text][vc_empty_space height=&#8221;35px&#8221;][vc_single_image image=&#8221;299&#8243; img_size=&#8221;full&#8221; alignment=&#8221;center&#8221;][vc_empty_space height=&#8221;15px&#8221;][vc_column_text]<\/p>\n<p style=\"text-align: center;\">Se deben definir las estrategias puntuales que lleven a la entidad a obtener los mayores beneficios tangibles no solo para la dependencia, sino tambi\u00e9n para la ciudadan\u00eda. Este es el reto que estos conllevan.<\/p>\n<p>[\/vc_column_text][vc_empty_space height=&#8221;35px&#8221;][vc_single_image image=&#8221;300&#8243; img_size=&#8221;full&#8221; alignment=&#8221;center&#8221;][vc_empty_space height=&#8221;15px&#8221;][vc_column_text]<\/p>\n<p style=\"text-align: center;\">El capital humano dentro de las organizaciones es el elemento clave para el \u00e9xito de cualquier cambio y transformaci\u00f3n por lo que los gobiernos le deben tener una consideraci\u00f3n especial en este proceso.<\/p>\n<p>[\/vc_column_text][vc_empty_space height=&#8221;35px&#8221;][\/vc_column][\/vc_row][vc_row equal_height=&#8221;yes&#8221; css=&#8221;.vc_custom_1579124782966{padding-top: 80px !important;padding-bottom: 80px !important;background-image: url(https:\/\/www.arcodisc.com.mx\/wp-content\/uploads\/2020\/01\/cumplir_back.jpg?id=260) !important;background-position: center !important;background-repeat: no-repeat !important;background-size: cover !important;}&#8221;][vc_column width=&#8221;1\/2&#8243;][vc_column_text]Nuestro Sistema de Contabilidad Gubernamental <strong>ARCO<\/strong> cuenta con una Funcionalidad Indispensable y una Funcionalidad del Valor Agregado que nos permite cumplir a cabalidad con la LGCG y el CONAC.[\/vc_column_text][\/vc_column][vc_column width=&#8221;1\/2&#8243;][\/vc_column][\/vc_row][vc_row content_placement=&#8221;bottom&#8221; css=&#8221;.vc_custom_1579124752659{padding-top: 80px !important;padding-bottom: 80px !important;background-color: #2a2a2a !important;}&#8221;][vc_column width=&#8221;1\/3&#8243;][vc_custom_heading text=&#8221;Funcionalidad Indispensable&#8221; font_container=&#8221;tag:h2|text_align:center|color:%23ffffff&#8221; use_theme_fonts=&#8221;yes&#8221;][vc_single_image image=&#8221;263&#8243; img_size=&#8221;medium&#8221; alignment=&#8221;center&#8221; style=&#8221;vc_box_border&#8221; border_color=&#8221;white&#8221; onclick=&#8221;link_image&#8221;][\/vc_column][vc_column width=&#8221;1\/3&#8243;][vc_custom_heading text=&#8221;Funcionalidad valor agregado&#8221; font_container=&#8221;tag:h2|text_align:center|color:%23ffffff&#8221; use_theme_fonts=&#8221;yes&#8221;][vc_single_image image=&#8221;261&#8243; img_size=&#8221;medium&#8221; alignment=&#8221;center&#8221; style=&#8221;vc_box_border&#8221; border_color=&#8221;white&#8221; onclick=&#8221;link_image&#8221;][\/vc_column][vc_column width=&#8221;1\/3&#8243;][vc_custom_heading text=&#8221;Apoyo a la transparencia y percepci\u00f3n ciudadana&#8221; font_container=&#8221;tag:h2|text_align:center|color:%23ffffff&#8221; use_theme_fonts=&#8221;yes&#8221;][vc_single_image image=&#8221;262&#8243; img_size=&#8221;medium&#8221; alignment=&#8221;center&#8221; style=&#8221;vc_box_border&#8221; border_color=&#8221;white&#8221; onclick=&#8221;link_image&#8221;][\/vc_column][\/vc_row]<\/p>\n<\/div>","protected":false},"excerpt":{"rendered":"<p>[vc_row gap=&#8221;35&#8243; content_placement=&#8221;middle&#8221; css=&#8221;.vc_custom_1579124025251{padding-top: 50px !important;padding-bottom: 50px !important;background-image: url(https:\/\/www.arcodisc.com.mx\/wp-content\/uploads\/2020\/01\/proceso-header-back.jpg?id=259) !important;background-position: center !important;background-repeat: no-repeat !important;background-size: cover !important;}&#8221;][vc_column width=&#8221;1\/6&#8243;][\/vc_column][vc_column width=&#8221;2\/3&#8243;][vc_custom_heading text=&#8221;Proceso de Cumplimiento ARCO GRP&#8221; font_container=&#8221;tag:h1|text_align:center|color:%23ffffff&#8221; use_theme_fonts=&#8221;yes&#8221;][vc_separator color=&#8221;white&#8221;][vc_empty_space height=&#8221;25px&#8221;][vc_column_text] DISC, consciente del esfuerzo que conlleva lograr la Armonizaci\u00f3n Contable en base a los requerimientos de la LGCG y del CONAC, ha ido m\u00e1s all\u00e1 de la observancia [&hellip;]<\/p>\n","protected":false},"author":2,"featured_media":0,"parent":0,"menu_order":0,"comment_status":"closed","ping_status":"closed","template":"","meta":{"footnotes":""},"class_list":["post-256","page","type-page","status-publish","hentry"],"jetpack-related-posts":[],"jetpack_sharing_enabled":true,"_links":{"self":[{"href":"https:\/\/arcodisc.com.mx\/index.php?rest_route=\/wp\/v2\/pages\/256","targetHints":{"allow":["GET"]}}],"collection":[{"href":"https:\/\/arcodisc.com.mx\/index.php?rest_route=\/wp\/v2\/pages"}],"about":[{"href":"https:\/\/arcodisc.com.mx\/index.php?rest_route=\/wp\/v2\/types\/page"}],"author":[{"embeddable":true,"href":"https:\/\/arcodisc.com.mx\/index.php?rest_route=\/wp\/v2\/users\/2"}],"replies":[{"embeddable":true,"href":"https:\/\/arcodisc.com.mx\/index.php?rest_route=%2Fwp%2Fv2%2Fcomments&post=256"}],"version-history":[{"count":0,"href":"https:\/\/arcodisc.com.mx\/index.php?rest_route=\/wp\/v2\/pages\/256\/revisions"}],"wp:attachment":[{"href":"https:\/\/arcodisc.com.mx\/index.php?rest_route=%2Fwp%2Fv2%2Fmedia&parent=256"}],"curies":[{"name":"wp","href":"https:\/\/api.w.org\/{rel}","templated":true}]}}