{"id":471,"date":"2020-03-08T11:09:41","date_gmt":"2020-03-08T17:09:41","guid":{"rendered":"https:\/\/arcodisc.com.mx\/?page_id=471"},"modified":"2020-03-09T08:56:24","modified_gmt":"2020-03-09T14:56:24","slug":"maquila-y-servicios-de-nomina","status":"publish","type":"page","link":"https:\/\/arcodisc.com.mx\/?page_id=471","title":{"rendered":"Maquila y servicios de N\u00f3mina"},"content":{"rendered":"<div class=\"wpb-content-wrapper\"><p>[vc_row gap=&#8221;35&#8243; content_placement=&#8221;middle&#8221; css=&#8221;.vc_custom_1578725741069{padding-top: 50px !important;padding-bottom: 50px !important;background-image: url(https:\/\/www.arcodisc.com.mx\/wp-content\/uploads\/2020\/01\/somos-header-back.jpg?id=145) !important;background-position: center !important;background-repeat: no-repeat !important;background-size: cover !important;}&#8221;][vc_column width=&#8221;1\/6&#8243;][\/vc_column][vc_column width=&#8221;2\/3&#8243;][vc_custom_heading text=&#8221;Servicios de procesamiento de N\u00f3mina&#8221; font_container=&#8221;tag:h1|text_align:center|color:%23ffffff&#8221; use_theme_fonts=&#8221;yes&#8221;][vc_separator color=&#8221;white&#8221;][vc_single_image image=&#8221;146&#8243; img_size=&#8221;full&#8221; alignment=&#8221;center&#8221;][vc_empty_space height=&#8221;25px&#8221;][vc_column_text]<span style=\"color: #ffffff;\">En ARCO podemos calcular de manera masiva y en tiempos r\u00e9cord la n\u00f3mina de cualquier entidad gubernamental federal, estatal o municipal, as\u00ed como empresas de iniciativa privada o partidos pol\u00edticos, ejecutando los siguientes servicios e una instancia dedicada de ARCO exclusiva:<\/span><\/p>\n<ul>\n<li><span style=\"color: #ffffff;\">C\u00e1lculo de n\u00f3mina y maquila de n\u00f3mina<\/span><\/li>\n<li><span style=\"color: #ffffff;\">Procesamiento de incidencias<\/span><\/li>\n<li><span style=\"color: #ffffff;\">Configuraci\u00f3n de periodos<\/span><\/li>\n<li><span style=\"color: #ffffff;\">Interfaz y Generaci\u00f3n de Archivos para IMSS AFORE INFONAVIT\u00a0 Y SAT.<\/span><\/li>\n<li><span style=\"color: #ffffff;\">Generaci\u00f3n archivos para Dispersi\u00f3n Bancaria<\/span><\/li>\n<li><span style=\"color: #ffffff;\">Generaci\u00f3n de Timbrado, Cancelaciones y ReTimbrados<\/span><\/li>\n<li><span style=\"color: #ffffff;\">Env\u00edo de recibos de n\u00f3mina por correo electr\u00f3nico.<\/span><\/li>\n<li><span style=\"color: #ffffff;\">Creaci\u00f3n de usuarios ilimitados para supervisi\u00f3n, consulta y operaci\u00f3n.<\/span><\/li>\n<li><span style=\"color: #ffffff;\">Renta de licencias del m\u00f3dulo de Recursos Humanos-N\u00f3mina ARCO<\/span><\/li>\n<li><span style=\"color: #ffffff;\">Hosting dedicado para el sistema<\/span><\/li>\n<li><span style=\"color: #ffffff;\">Respaldo de la base de datos y servidores en tiempo real con redundancia.<\/span><\/li>\n<\/ul>\n<p>[\/vc_column_text][\/vc_column][vc_column width=&#8221;1\/6&#8243;][\/vc_column][\/vc_row][vc_row css=&#8221;.vc_custom_1578725751855{padding-top: 60px !important;background-color: #f2f5f7 !important;}&#8221;][vc_column width=&#8221;1\/2&#8243;][vc_single_image image=&#8221;147&#8243; img_size=&#8221;full&#8221; alignment=&#8221;center&#8221;][\/vc_column][\/vc_row][vc_row gap=&#8221;35&#8243; css=&#8221;.vc_custom_1578725897970{padding-top: 70px !important;padding-bottom: 70px !important;background-image: url(https:\/\/www.arcodisc.com.mx\/wp-content\/uploads\/2020\/01\/back_patt.png?id=148) !important;background-position: 0 0 !important;background-repeat: repeat !important;}&#8221;][vc_column width=&#8221;1\/2&#8243;][gsf_icon_box layout_style=&#8221;ib-left-inline&#8221; title=&#8221;Misi\u00f3n&#8221; title_font_size=&#8221;24&#8243; description=&#8221;Dise\u00f1ar, transformar e integrar los sistemas de c\u00f3mputo en valor para nuestros clientes, implementando soluciones que resuelvan sus necesidades, utilizando las \u00faltimas tecnolog\u00edas disponibles.&#8221; des_letter_spacing=&#8221;0&#8243; icon_font=&#8221;fa fa-book&#8221;][\/vc_column][vc_column width=&#8221;1\/2&#8243;][gsf_icon_box layout_style=&#8221;ib-left-inline&#8221; title=&#8221;Visi\u00f3n&#8221; title_font_size=&#8221;24&#8243; description=&#8221;Ser los proveedores m\u00e1s confiables, con altos est\u00e1ndares de calidad, gran funcionalidad y con alto desempe\u00f1o en todos los sistemas desarrollados. As\u00ed como contar con soluciones integrales f\u00e1ciles de instalar previamente dise\u00f1adas y programadas que puedan personalizarse para cada empresa y giro de negocio.&#8221; des_letter_spacing=&#8221;0&#8243; icon_font=&#8221;fa fa-eye&#8221;][\/vc_column][\/vc_row][vc_row css=&#8221;.vc_custom_1578725369074{padding-top: 80px !important;padding-bottom: 80px !important;background-color: #13a085 !important;}&#8221;][vc_column width=&#8221;1\/6&#8243;][\/vc_column][vc_column width=&#8221;2\/3&#8243;][vc_custom_heading text=&#8221;M\u00e1s informaci\u00f3n sobre productos y servicios de DISC&#8221; font_container=&#8221;tag:h5|font_size:24|text_align:center|color:%23ffffff&#8221; google_fonts=&#8221;font_family:Montserrat%3Aregular%2C700|font_style:700%20bold%20regular%3A700%3Anormal&#8221;][gsf_button title=&#8221;CONOCE M\u00c1S&#8221; style=&#8221;outline&#8221; shape=&#8221;round&#8221; color=&#8221;white&#8221; size=&#8221;lg&#8221; align=&#8221;center&#8221; link=&#8221;url:https%3A%2F%2Fwww.disc.com.mx%2F||target:%20_blank|&#8221;][\/vc_column][vc_column width=&#8221;1\/6&#8243;][\/vc_column][\/vc_row]<\/p>\n<\/div>","protected":false},"excerpt":{"rendered":"<p>[vc_row gap=&#8221;35&#8243; content_placement=&#8221;middle&#8221; css=&#8221;.vc_custom_1578725741069{padding-top: 50px !important;padding-bottom: 50px !important;background-image: url(https:\/\/www.arcodisc.com.mx\/wp-content\/uploads\/2020\/01\/somos-header-back.jpg?id=145) !important;background-position: center !important;background-repeat: no-repeat !important;background-size: cover !important;}&#8221;][vc_column width=&#8221;1\/6&#8243;][\/vc_column][vc_column width=&#8221;2\/3&#8243;][vc_custom_heading text=&#8221;Servicios de procesamiento de N\u00f3mina&#8221; font_container=&#8221;tag:h1|text_align:center|color:%23ffffff&#8221; use_theme_fonts=&#8221;yes&#8221;][vc_separator color=&#8221;white&#8221;][vc_single_image image=&#8221;146&#8243; img_size=&#8221;full&#8221; alignment=&#8221;center&#8221;][vc_empty_space height=&#8221;25px&#8221;][vc_column_text]En ARCO podemos calcular de manera masiva y en tiempos r\u00e9cord la n\u00f3mina de cualquier entidad gubernamental federal, estatal o municipal, as\u00ed como empresas de iniciativa [&hellip;]<\/p>\n","protected":false},"author":2,"featured_media":0,"parent":0,"menu_order":0,"comment_status":"closed","ping_status":"closed","template":"","meta":{"footnotes":""},"class_list":["post-471","page","type-page","status-publish","hentry"],"jetpack-related-posts":[],"jetpack_sharing_enabled":true,"_links":{"self":[{"href":"https:\/\/arcodisc.com.mx\/index.php?rest_route=\/wp\/v2\/pages\/471","targetHints":{"allow":["GET"]}}],"collection":[{"href":"https:\/\/arcodisc.com.mx\/index.php?rest_route=\/wp\/v2\/pages"}],"about":[{"href":"https:\/\/arcodisc.com.mx\/index.php?rest_route=\/wp\/v2\/types\/page"}],"author":[{"embeddable":true,"href":"https:\/\/arcodisc.com.mx\/index.php?rest_route=\/wp\/v2\/users\/2"}],"replies":[{"embeddable":true,"href":"https:\/\/arcodisc.com.mx\/index.php?rest_route=%2Fwp%2Fv2%2Fcomments&post=471"}],"version-history":[{"count":4,"href":"https:\/\/arcodisc.com.mx\/index.php?rest_route=\/wp\/v2\/pages\/471\/revisions"}],"predecessor-version":[{"id":479,"href":"https:\/\/arcodisc.com.mx\/index.php?rest_route=\/wp\/v2\/pages\/471\/revisions\/479"}],"wp:attachment":[{"href":"https:\/\/arcodisc.com.mx\/index.php?rest_route=%2Fwp%2Fv2%2Fmedia&parent=471"}],"curies":[{"name":"wp","href":"https:\/\/api.w.org\/{rel}","templated":true}]}}