{"id":62,"date":"2020-01-07T14:30:17","date_gmt":"2020-01-07T20:30:17","guid":{"rendered":"https:\/\/arcodisc.com.mx\/home\/?page_id=62"},"modified":"2025-05-13T18:58:52","modified_gmt":"2025-05-14T00:58:52","slug":"convenios-clientes","status":"publish","type":"page","link":"https:\/\/arcodisc.com.mx\/?page_id=62","title":{"rendered":"Nuestros Clientes y Casos de \u00c9xito"},"content":{"rendered":"\n<p><\/p>\n\n\n\n<p>Dependencias del Gobierno de la Ciudad de M\u00e9xico:<\/p>\n\n\n\n<div class=\"wp-block-group\"><div class=\"wp-block-group__inner-container is-layout-flow wp-block-group-is-layout-flow\">\n<figure class=\"wp-block-image size-large is-resized\"><img loading=\"lazy\" decoding=\"async\" width=\"1024\" height=\"576\" src=\"https:\/\/arcodisc.com.mx\/wp-content\/uploads\/2025\/05\/logotipo-de-la-cdmx-1024x576.jpg\" alt=\"\" class=\"wp-image-640\" style=\"width:274px;height:auto\" srcset=\"https:\/\/arcodisc.com.mx\/wp-content\/uploads\/2025\/05\/logotipo-de-la-cdmx-1024x576.jpg 1024w, https:\/\/arcodisc.com.mx\/wp-content\/uploads\/2025\/05\/logotipo-de-la-cdmx-300x169.jpg 300w, https:\/\/arcodisc.com.mx\/wp-content\/uploads\/2025\/05\/logotipo-de-la-cdmx-768x432.jpg 768w, https:\/\/arcodisc.com.mx\/wp-content\/uploads\/2025\/05\/logotipo-de-la-cdmx.jpg 1280w\" sizes=\"auto, (max-width: 1024px) 100vw, 1024px\" \/><\/figure>\n<\/div><\/div>\n\n\n\n<p>Agencia Nacional de Aduanas de M\u00e9xico (ANAM):<\/p>\n\n\n\n<figure class=\"wp-block-image size-full is-resized\"><img loading=\"lazy\" decoding=\"async\" width=\"705\" height=\"440\" src=\"https:\/\/arcodisc.com.mx\/wp-content\/uploads\/2025\/05\/Logo_Agencia_Nacional_de_Aduanas_de_Mexico_2022.png\" alt=\"\" class=\"wp-image-642\" style=\"width:274px;height:auto\" srcset=\"https:\/\/arcodisc.com.mx\/wp-content\/uploads\/2025\/05\/Logo_Agencia_Nacional_de_Aduanas_de_Mexico_2022.png 705w, https:\/\/arcodisc.com.mx\/wp-content\/uploads\/2025\/05\/Logo_Agencia_Nacional_de_Aduanas_de_Mexico_2022-300x187.png 300w\" sizes=\"auto, (max-width: 705px) 100vw, 705px\" \/><\/figure>\n\n\n\n<p><\/p>\n\n\n\n<p>Laboratorios de Biol\u00f3gicos y Reactivos de M\u00e9xico (BIRMEX):<\/p>\n\n\n\n<figure class=\"wp-block-image size-large is-resized\"><img loading=\"lazy\" decoding=\"async\" width=\"1024\" height=\"278\" src=\"https:\/\/arcodisc.com.mx\/wp-content\/uploads\/2025\/05\/birmex-1024x278.png\" alt=\"\" class=\"wp-image-643\" style=\"width:368px;height:auto\" srcset=\"https:\/\/arcodisc.com.mx\/wp-content\/uploads\/2025\/05\/birmex-1024x278.png 1024w, https:\/\/arcodisc.com.mx\/wp-content\/uploads\/2025\/05\/birmex-300x82.png 300w, https:\/\/arcodisc.com.mx\/wp-content\/uploads\/2025\/05\/birmex-768x209.png 768w, https:\/\/arcodisc.com.mx\/wp-content\/uploads\/2025\/05\/birmex.png 1309w\" sizes=\"auto, (max-width: 1024px) 100vw, 1024px\" \/><\/figure>\n\n\n\n<p><\/p>\n\n\n\n<p>Consejo Nacional de Normalizaci\u00f3n y Certificaci\u00f3n de Competencias Laborales (CONOCER)<\/p>\n\n\n\n<figure class=\"wp-block-image size-full is-resized\"><img loading=\"lazy\" decoding=\"async\" width=\"750\" height=\"392\" src=\"https:\/\/arcodisc.com.mx\/wp-content\/uploads\/2025\/05\/conocer.jpg\" alt=\"\" class=\"wp-image-644\" style=\"width:352px;height:auto\" srcset=\"https:\/\/arcodisc.com.mx\/wp-content\/uploads\/2025\/05\/conocer.jpg 750w, https:\/\/arcodisc.com.mx\/wp-content\/uploads\/2025\/05\/conocer-300x157.jpg 300w\" sizes=\"auto, (max-width: 750px) 100vw, 750px\" \/><\/figure>\n\n\n\n<p>Municipio de Nezahualc\u00f3yotl (NEZA):<\/p>\n\n\n\n<figure class=\"wp-block-image size-large is-resized\"><img loading=\"lazy\" decoding=\"async\" width=\"1024\" height=\"315\" src=\"https:\/\/arcodisc.com.mx\/wp-content\/uploads\/2025\/05\/DIRECCION-DE-GOBIERNO-1024x315.png\" alt=\"\" class=\"wp-image-649\" style=\"width:533px;height:auto\" srcset=\"https:\/\/arcodisc.com.mx\/wp-content\/uploads\/2025\/05\/DIRECCION-DE-GOBIERNO-1024x315.png 1024w, https:\/\/arcodisc.com.mx\/wp-content\/uploads\/2025\/05\/DIRECCION-DE-GOBIERNO-300x92.png 300w, https:\/\/arcodisc.com.mx\/wp-content\/uploads\/2025\/05\/DIRECCION-DE-GOBIERNO-768x236.png 768w, https:\/\/arcodisc.com.mx\/wp-content\/uploads\/2025\/05\/DIRECCION-DE-GOBIERNO-1536x472.png 1536w, https:\/\/arcodisc.com.mx\/wp-content\/uploads\/2025\/05\/DIRECCION-DE-GOBIERNO-2048x629.png 2048w\" sizes=\"auto, (max-width: 1024px) 100vw, 1024px\" \/><\/figure>\n","protected":false},"excerpt":{"rendered":"<p>Dependencias del Gobierno de la Ciudad de M\u00e9xico: Agencia Nacional de Aduanas de M\u00e9xico (ANAM): Laboratorios de Biol\u00f3gicos y Reactivos de M\u00e9xico (BIRMEX): Consejo Nacional de Normalizaci\u00f3n y Certificaci\u00f3n de Competencias Laborales (CONOCER) Municipio de Nezahualc\u00f3yotl (NEZA):<\/p>\n","protected":false},"author":2,"featured_media":0,"parent":0,"menu_order":0,"comment_status":"closed","ping_status":"closed","template":"","meta":{"footnotes":""},"class_list":["post-62","page","type-page","status-publish","hentry"],"jetpack-related-posts":[],"jetpack_sharing_enabled":true,"_links":{"self":[{"href":"https:\/\/arcodisc.com.mx\/index.php?rest_route=\/wp\/v2\/pages\/62","targetHints":{"allow":["GET"]}}],"collection":[{"href":"https:\/\/arcodisc.com.mx\/index.php?rest_route=\/wp\/v2\/pages"}],"about":[{"href":"https:\/\/arcodisc.com.mx\/index.php?rest_route=\/wp\/v2\/types\/page"}],"author":[{"embeddable":true,"href":"https:\/\/arcodisc.com.mx\/index.php?rest_route=\/wp\/v2\/users\/2"}],"replies":[{"embeddable":true,"href":"https:\/\/arcodisc.com.mx\/index.php?rest_route=%2Fwp%2Fv2%2Fcomments&post=62"}],"version-history":[{"count":3,"href":"https:\/\/arcodisc.com.mx\/index.php?rest_route=\/wp\/v2\/pages\/62\/revisions"}],"predecessor-version":[{"id":650,"href":"https:\/\/arcodisc.com.mx\/index.php?rest_route=\/wp\/v2\/pages\/62\/revisions\/650"}],"wp:attachment":[{"href":"https:\/\/arcodisc.com.mx\/index.php?rest_route=%2Fwp%2Fv2%2Fmedia&parent=62"}],"curies":[{"name":"wp","href":"https:\/\/api.w.org\/{rel}","templated":true}]}}