{"id":76,"date":"2025-05-13T19:03:55","date_gmt":"2025-05-14T01:03:55","guid":{"rendered":"https:\/\/arcodisc.com.mx\/home\/?page_id=76"},"modified":"2025-05-13T19:52:26","modified_gmt":"2025-05-14T01:52:26","slug":"inicio","status":"publish","type":"page","link":"https:\/\/arcodisc.com.mx\/","title":{"rendered":"Inicio"},"content":{"rendered":"<div class=\"wpb-content-wrapper\"><p>[vc_row gap=&#8221;35&#8243; content_placement=&#8221;middle&#8221; parallax=&#8221;content-moving-fade&#8221; parallax_image=&#8221;95&#8243; css=&#8221;.vc_custom_1580769916670{padding-top: 50px !important;padding-bottom: 50px !important;}&#8221;][vc_column width=&#8221;4\/12&#8243;][vc_custom_heading text=&#8221;Sistema de Armonizaci\u00f3n Contable Gubernamental GRP ARCO&#8221; font_container=&#8221;tag:h1|text_align:left|color:%23ffffff&#8221; use_theme_fonts=&#8221;yes&#8221;][vc_separator color=&#8221;white&#8221;][vc_empty_space height=&#8221;25px&#8221;][vc_column_text]<\/p>\n<p style=\"text-align: left; color: #fff;\"><strong>ARCO<\/strong> es el mejor Software GRP en M\u00e9xico para administrar contable y pressupuestalmente en base a la Ley General de Contabilidad Gubernamental LGCG, aplicando las mejores pr\u00e1cticas del Consejo Nacional de Armonizaci\u00f3n Contable CONAC y las mejores pr\u00e1cticas de 15 a\u00f1os que nos respaldan en administraci\u00f3n p\u00fablica, los gobiernos debemos enfocarnos en contar con <strong>administraciones cada vez m\u00e1s transparentes<\/strong> que les permitan optimizar los recursos, as\u00ed como la necesidad de incrementar la recaudaci\u00f3n de los ingresos fiscales para cubrir los requerimientos de los pa\u00edses m\u00e1s necesitados. Esto ha marcado la pauta a nivel mundial para desarrollar soluciones en el establecimiento del marco t\u00e9cnico sobre el registro y procesamiento de la informaci\u00f3n contable. M\u00e9xico no es la excepci\u00f3n y consciente de esto, <strong>ARCO<\/strong> se suma a este esfuerzo ofreciendo una soluci\u00f3n tecnol\u00f3gica 100% hecho en M\u00e9xico que:<\/p>\n<p>[\/vc_column_text][\/vc_column][vc_column width=&#8221;2\/5&#8243; offset=&#8221;vc_col-lg-8 vc_col-md-2\/5&#8243;][vc_video link=&#8221;https:\/\/player.vimeo.com\/video\/99843926&#8243;][vc_column_text]<\/p>\n<p style=\"text-align: left; color: #fff;\">Video informativo sobre <strong>ARCO<\/strong><\/p>\n<p>[\/vc_column_text][\/vc_column][vc_column][\/vc_column][vc_column][\/vc_column][\/vc_row][vc_row css=&#8221;.vc_custom_1578543080260{padding-top: 50px !important;padding-bottom: 50px !important;}&#8221;][vc_column width=&#8221;1\/2&#8243;][gsf_lists bullet_type=&#8221;list-icon&#8221; bullet_color=&#8221;#110a77&#8243; label_color=&#8221;#353535&#8243; icon_font=&#8221;fa fa-check&#8221; values=&#8221;%5B%7B%22label%22%3A%22Impulsa%20significativamente%20la%20transparencia%2C%20la%20evaluaci%C3%B3n%20de%20la%20gesti%C3%B3n%20p%C3%BAblica%20y%20la%20rendici%C3%B3n%20de%20cuentas%22%7D%2C%7B%22label%22%3A%22Fortalece%20las%20tareas%20de%20planeaci%C3%B3n%2C%20ejecuci%C3%B3n%2C%20control%2C%20evaluaci%C3%B3n%20y%20fiscalizaci%C3%B3n%22%7D%2C%7B%22label%22%3A%22Permite%20contar%20con%20informaci%C3%B3n%20consolidada%20en%20apoyo%20a%20la%20planeaci%C3%B3n%20nacional%20y%20regional%22%7D%5D&#8221;][\/vc_column][vc_column width=&#8221;1\/2&#8243;][gsf_lists bullet_type=&#8221;list-icon&#8221; bullet_color=&#8221;#110a77&#8243; label_color=&#8221;#353535&#8243; icon_font=&#8221;fa fa-check&#8221; values=&#8221;%5B%7B%22label%22%3A%22Proporciona%20en%20tiempo%20real%2C%20los%20esquemas%20que%20apoyan%20la%20gesti%C3%B3n%20gubernamental%20(toma%20de%20decisiones)%22%7D%2C%7B%22label%22%3A%22Inhibe%20las%20pr%C3%A1cticas%20discrecionales%2C%20il%C3%ADcitas%20y%20de%20corrupci%C3%B3n%22%7D%2C%7B%22label%22%3A%22Todo%20esto%20en%20un%20ambiente%20de%20legalidad%20y%20normatividad%20ya%20que%20este%20sistema%20est%C3%A1%20hecho%20para%20ayudar%20a%20los%20entes%20p%C3%BAblicos%20a%20cumplir%20con%20la%20LGCG%20y%20los%20requerimientos%20del%20CONAC%22%7D%5D&#8221;][\/vc_column][\/vc_row][vc_row content_placement=&#8221;middle&#8221; parallax=&#8221;content-moving-fade&#8221; parallax_image=&#8221;95&#8243; css=&#8221;.vc_custom_1578543088998{padding-top: 80px !important;padding-bottom: 80px !important;}&#8221;][vc_column width=&#8221;1\/12&#8243;][\/vc_column][vc_column width=&#8221;5\/6&#8243;][vc_custom_heading text=&#8221;ARCO es el GRP (Government Resource Planner)&#8221; font_container=&#8221;tag:h5|text_align:center|color:%23ffffff&#8221; use_theme_fonts=&#8221;yes&#8221;][vc_separator color=&#8221;white&#8221;][vc_empty_space height=&#8221;25px&#8221;][vc_column_text]<\/p>\n<p style=\"color: #ffffff; text-align: center;\">m\u00e1s completo en el mercado, dise\u00f1ado para lograr la armonizaci\u00f3n contable en los 3 \u00f3rdenes de gobierno, enfocado para que su instituci\u00f3n cumpla cabalmente con la Ley General de Contabilidad Gubernamental LGCG. Sistema completamente apegado a la normatividad emitida por el CONAC (Consejo Nacional de Armonizaci\u00f3n Contable).<\/p>\n<p>[\/vc_column_text][vc_empty_space height=&#8221;25px&#8221;][gsf_button title=&#8221;\u00a1SOLICITAR COTIZACI\u00d3N Y DEMO!&#8221; style=&#8221;outline&#8221; shape=&#8221;round&#8221; color=&#8221;white&#8221; size=&#8221;md&#8221; align=&#8221;center&#8221;][\/vc_column][vc_column width=&#8221;1\/12&#8243;][\/vc_column][\/vc_row][vc_row css=&#8221;.vc_custom_1578543176348{padding-top: 70px !important;}&#8221;][vc_column width=&#8221;1\/2&#8243;][vc_single_image image=&#8221;96&#8243; img_size=&#8221;full&#8221; alignment=&#8221;center&#8221;][\/vc_column][vc_column width=&#8221;1\/2&#8243;][vc_empty_space height=&#8221;25px&#8221;][vc_column_text]<strong>ARCO<\/strong>, adem\u00e1s de ayudarle a cumplir con la LGCG har\u00e1 que su instituci\u00f3n sea m\u00e1s eficiente, cuente con la informaci\u00f3n que requiere de manera autom\u00e1tica, en tiempo real y en l\u00ednea y sus procesos sean mucho m\u00e1s sencillos y \u00e1giles.[\/vc_column_text][vc_empty_space height=&#8221;25px&#8221;][vc_single_image image=&#8221;97&#8243; img_size=&#8221;full&#8221; alignment=&#8221;center&#8221;][\/vc_column][\/vc_row][vc_row content_placement=&#8221;middle&#8221; parallax=&#8221;content-moving-fade&#8221; parallax_image=&#8221;98&#8243; css=&#8221;.vc_custom_1578543215947{padding-top: 80px !important;padding-bottom: 80px !important;}&#8221;][vc_column width=&#8221;1\/12&#8243;][\/vc_column][vc_column width=&#8221;5\/6&#8243;][vc_column_text]<\/p>\n<p style=\"color: #ffffff; text-align: center; font-size: 140%;\"><strong>Gracias a su Tecnolog\u00eda de punta, la implementaci\u00f3n del sistema ARCO se vuelve mucho m\u00e1s eficaz evit\u00e1ndole pasar por una tortuosa implementaci\u00f3n de 2 a\u00f1os antes de que comience a operar el sistema. ARCO se adapta a las necesidades de su instituci\u00f3n y no a la inversa.<\/strong><\/p>\n<p>[\/vc_column_text][\/vc_column][vc_column width=&#8221;1\/12&#8243;][\/vc_column][\/vc_row][vc_row css=&#8221;.vc_custom_1578543874797{padding-top: 80px !important;background-color: #f2f5f7 !important;}&#8221;][vc_column width=&#8221;1\/2&#8243;][vc_empty_space height=&#8221;25px&#8221;][vc_column_text]<strong>ARCO<\/strong> corre en cualquier plataforma y dispositivo m\u00f3vil gracias a su arquitectura de C\u00f3mputo en la Nube (Cloud Computing). Para el motor de la base de datos, <strong>ARCO<\/strong> puede ser instalado en 10 diferentes motores de bases de datos, por ejemplo, Oracle, Microsoft SQL Server, Windows Azure, DB2, MySQL, Informix, entre otros\u2026[\/vc_column_text][vc_empty_space height=&#8221;25px&#8221;][vc_single_image image=&#8221;99&#8243; img_size=&#8221;full&#8221; alignment=&#8221;center&#8221;][\/vc_column][vc_column width=&#8221;1\/2&#8243;][vc_single_image image=&#8221;100&#8243; img_size=&#8221;full&#8221; alignment=&#8221;center&#8221;][\/vc_column][\/vc_row][vc_row css=&#8221;.vc_custom_1578719016957{padding-top: 80px !important;padding-bottom: 80px !important;background-color: #2a2a2a !important;}&#8221;][vc_column][vc_custom_heading text=&#8221;Diagrama modular ARCO&#8221; font_container=&#8221;tag:h2|text_align:center|color:%23ffffff&#8221; use_theme_fonts=&#8221;yes&#8221;][vc_single_image image=&#8221;657&#8243; img_size=&#8221;large&#8221; alignment=&#8221;center&#8221; style=&#8221;vc_box_border&#8221; border_color=&#8221;white&#8221; onclick=&#8221;link_image&#8221; el_class=&#8221;&#8221;][\/vc_column][\/vc_row]<\/p>\n<\/div>","protected":false},"excerpt":{"rendered":"<p>[vc_row gap=&#8221;35&#8243; content_placement=&#8221;middle&#8221; parallax=&#8221;content-moving-fade&#8221; parallax_image=&#8221;95&#8243; css=&#8221;.vc_custom_1580769916670{padding-top: 50px !important;padding-bottom: 50px !important;}&#8221;][vc_column width=&#8221;4\/12&#8243;][vc_custom_heading text=&#8221;Sistema de Armonizaci\u00f3n Contable Gubernamental GRP ARCO&#8221; font_container=&#8221;tag:h1|text_align:left|color:%23ffffff&#8221; use_theme_fonts=&#8221;yes&#8221;][vc_separator color=&#8221;white&#8221;][vc_empty_space height=&#8221;25px&#8221;][vc_column_text] ARCO es el mejor Software GRP en M\u00e9xico para administrar contable y pressupuestalmente en base a la Ley General de Contabilidad Gubernamental LGCG, aplicando las mejores pr\u00e1cticas del Consejo Nacional de Armonizaci\u00f3n Contable [&hellip;]<\/p>\n","protected":false},"author":2,"featured_media":422,"parent":0,"menu_order":0,"comment_status":"closed","ping_status":"closed","template":"","meta":{"footnotes":""},"class_list":["post-76","page","type-page","status-publish","has-post-thumbnail","hentry"],"jetpack-related-posts":[],"jetpack_sharing_enabled":true,"_links":{"self":[{"href":"https:\/\/arcodisc.com.mx\/index.php?rest_route=\/wp\/v2\/pages\/76","targetHints":{"allow":["GET"]}}],"collection":[{"href":"https:\/\/arcodisc.com.mx\/index.php?rest_route=\/wp\/v2\/pages"}],"about":[{"href":"https:\/\/arcodisc.com.mx\/index.php?rest_route=\/wp\/v2\/types\/page"}],"author":[{"embeddable":true,"href":"https:\/\/arcodisc.com.mx\/index.php?rest_route=\/wp\/v2\/users\/2"}],"replies":[{"embeddable":true,"href":"https:\/\/arcodisc.com.mx\/index.php?rest_route=%2Fwp%2Fv2%2Fcomments&post=76"}],"version-history":[{"count":12,"href":"https:\/\/arcodisc.com.mx\/index.php?rest_route=\/wp\/v2\/pages\/76\/revisions"}],"predecessor-version":[{"id":659,"href":"https:\/\/arcodisc.com.mx\/index.php?rest_route=\/wp\/v2\/pages\/76\/revisions\/659"}],"wp:featuredmedia":[{"embeddable":true,"href":"https:\/\/arcodisc.com.mx\/index.php?rest_route=\/wp\/v2\/media\/422"}],"wp:attachment":[{"href":"https:\/\/arcodisc.com.mx\/index.php?rest_route=%2Fwp%2Fv2%2Fmedia&parent=76"}],"curies":[{"name":"wp","href":"https:\/\/api.w.org\/{rel}","templated":true}]}}